{"id":10445,"date":"2024-02-06T15:39:02","date_gmt":"2024-02-06T13:39:02","guid":{"rendered":"https:\/\/green-office.com\/digital-de\/"},"modified":"2026-02-12T17:17:51","modified_gmt":"2026-02-12T16:17:51","slug":"digital-de","status":"publish","type":"page","link":"https:\/\/green-office.com\/de\/digital-de\/","title":{"rendered":"Digital &#8211; DE"},"content":{"rendered":"\t\t<div data-elementor-type=\"wp-page\" data-elementor-id=\"10445\" class=\"elementor elementor-10445 elementor-7667\" data-elementor-post-type=\"page\">\n\t\t\t\t<div class=\"elementor-element elementor-element-2d6934e e-flex e-con-boxed e-con e-parent\" data-id=\"2d6934e\" data-element_type=\"container\" data-settings=\"{&quot;background_background&quot;:&quot;classic&quot;}\">\n\t\t\t\t\t<div class=\"e-con-inner\">\n\t\t<div class=\"elementor-element elementor-element-72a26ab e-con-full e-flex e-con e-child\" data-id=\"72a26ab\" data-element_type=\"container\">\n\t\t\t\t<div class=\"elementor-element elementor-element-b112d15 elementor-widget elementor-widget-heading\" data-id=\"b112d15\" data-element_type=\"widget\" data-widget_type=\"heading.default\">\n\t\t\t\t<div class=\"elementor-widget-container\">\n\t\t\t<style>\/*! elementor - v3.21.0 - 20-05-2024 *\/\n.elementor-heading-title{padding:0;margin:0;line-height:1}.elementor-widget-heading .elementor-heading-title[class*=elementor-size-]>a{color:inherit;font-size:inherit;line-height:inherit}.elementor-widget-heading .elementor-heading-title.elementor-size-small{font-size:15px}.elementor-widget-heading .elementor-heading-title.elementor-size-medium{font-size:19px}.elementor-widget-heading .elementor-heading-title.elementor-size-large{font-size:29px}.elementor-widget-heading .elementor-heading-title.elementor-size-xl{font-size:39px}.elementor-widget-heading .elementor-heading-title.elementor-size-xxl{font-size:59px}<\/style><h1 class=\"elementor-heading-title elementor-size-default\">Engagierte <strong>digitale L\u00f6sungen<\/strong> zur Verbesserung Ihres <strong>\u00f6kologischen Fu\u00dfabdrucks<\/strong>und zur <strong>Bek\u00e4mpfung von Verschwendung<\/strong><\/h1>\t\t<\/div>\n\t\t\t\t<\/div>\n\t\t\t\t<div class=\"elementor-element elementor-element-c305e83 elementor-widget elementor-widget-text-editor\" data-id=\"c305e83\" data-element_type=\"widget\" data-widget_type=\"text-editor.default\">\n\t\t\t\t<div class=\"elementor-widget-container\">\n\t\t\t<style>\/*! elementor - v3.21.0 - 20-05-2024 *\/\n.elementor-widget-text-editor.elementor-drop-cap-view-stacked .elementor-drop-cap{background-color:#69727d;color:#fff}.elementor-widget-text-editor.elementor-drop-cap-view-framed .elementor-drop-cap{color:#69727d;border:3px solid;background-color:transparent}.elementor-widget-text-editor:not(.elementor-drop-cap-view-default) .elementor-drop-cap{margin-top:8px}.elementor-widget-text-editor:not(.elementor-drop-cap-view-default) .elementor-drop-cap-letter{width:1em;height:1em}.elementor-widget-text-editor .elementor-drop-cap{float:left;text-align:center;line-height:1;font-size:50px}.elementor-widget-text-editor .elementor-drop-cap-letter{display:inline-block}<\/style>\t\t\t\t<p>Durch die Entwicklung innovativer Sammell\u00f6sungen und den Einsatz von Technologie zur F\u00f6rderung von Umweltinnovationen hilft <strong>Greenoffice<\/strong> Unternehmen, nachhaltiger, umweltbewusster und intelligenter in der Art und Weise zu werden, wie sie ihre Abf\u00e4lle betrachten und verwalten. Wir f\u00f6rdern eine positive \u00f6kologische Dynamik, die darauf abzielt, <strong>Abfall zu reduzieren und Verschwendung zu beenden.<\/strong><\/p>\n\t\t\t\t\t\t<\/div>\n\t\t\t\t<\/div>\n\t\t\t\t<\/div>\n\t\t\t\t\t<\/div>\n\t\t\t\t<\/div>\n\t\t<div class=\"elementor-element elementor-element-4c07b70 e-flex e-con-boxed e-con e-parent\" data-id=\"4c07b70\" data-element_type=\"container\">\n\t\t\t\t\t<div class=\"e-con-inner\">\n\t\t<div class=\"elementor-element elementor-element-443d301 e-con-full e-flex elementor-invisible e-con e-child\" data-id=\"443d301\" data-element_type=\"container\" data-settings=\"{&quot;background_background&quot;:&quot;classic&quot;,&quot;animation&quot;:&quot;fadeInLeft&quot;}\">\n\t\t<a class=\"elementor-element elementor-element-fa0f00c e-transform e-flex e-con-boxed e-con e-child\" data-id=\"fa0f00c\" data-element_type=\"container\" data-settings=\"{&quot;_transform_scale_effect_hover&quot;:{&quot;unit&quot;:&quot;px&quot;,&quot;size&quot;:1.05,&quot;sizes&quot;:[]},&quot;_transform_scale_effect_hover_tablet_extra&quot;:{&quot;unit&quot;:&quot;px&quot;,&quot;size&quot;:&quot;&quot;,&quot;sizes&quot;:[]},&quot;_transform_scale_effect_hover_tablet&quot;:{&quot;unit&quot;:&quot;px&quot;,&quot;size&quot;:&quot;&quot;,&quot;sizes&quot;:[]},&quot;_transform_scale_effect_hover_mobile&quot;:{&quot;unit&quot;:&quot;px&quot;,&quot;size&quot;:&quot;&quot;,&quot;sizes&quot;:[]}}\" href=\"https:\/\/green-office.com\/de\/green-me-de\/\">\n\t\t\t\t\t<div class=\"e-con-inner\">\n\t\t<div class=\"elementor-element elementor-element-2e1faec e-flex e-con-boxed e-con e-child\" data-id=\"2e1faec\" data-element_type=\"container\" data-settings=\"{&quot;background_background&quot;:&quot;classic&quot;}\">\n\t\t\t\t\t<div class=\"e-con-inner\">\n\t\t\t\t\t<\/div>\n\t\t\t\t<\/div>\n\t\t<div class=\"elementor-element elementor-element-c8895d3 e-flex e-con-boxed e-con e-child\" data-id=\"c8895d3\" data-element_type=\"container\">\n\t\t\t\t\t<div class=\"e-con-inner\">\n\t\t<div class=\"elementor-element elementor-element-4cb62f0 e-flex e-con-boxed e-con e-child\" data-id=\"4cb62f0\" data-element_type=\"container\">\n\t\t\t\t\t<div class=\"e-con-inner\">\n\t\t\t\t<div class=\"elementor-element elementor-element-def9b78 elementor-widget elementor-widget-heading\" data-id=\"def9b78\" data-element_type=\"widget\" data-widget_type=\"heading.default\">\n\t\t\t\t<div class=\"elementor-widget-container\">\n\t\t\t<h2 class=\"elementor-heading-title elementor-size-default\">Die <strong>digitale Anwendung <\/strong><\/br>zur Unterst\u00fctzung beim <strong>Recycling <\/strong>f\u00fcr ein <strong>spielerisches und kollaboratives<\/strong> Abfallmanagement im Unternehmen<\/h2>\t\t<\/div>\n\t\t\t\t<\/div>\n\t\t\t\t<div class=\"elementor-element elementor-element-a2a75d9 elementor-widget elementor-widget-text-editor\" data-id=\"a2a75d9\" data-element_type=\"widget\" data-widget_type=\"text-editor.default\">\n\t\t\t\t<div class=\"elementor-widget-container\">\n\t\t\t\t\t\t\t<p>Green.me ist ein Workplace-Assistent, der die Mitarbeitererfahrung verbessert. Eine einfache und unterhaltsame digitale L\u00f6sung, die Menschen in eine kollaborative Dynamik des Fortschritts einbindet. Eine Innovation, die den Erwartungen der neuen Generation entspricht und die Erreichung von Umweltzielen f\u00f6rdert.<\/p>\n\t\t\t\t\t\t<\/div>\n\t\t\t\t<\/div>\n\t\t\t\t\t<\/div>\n\t\t\t\t<\/div>\n\t\t<div class=\"elementor-element elementor-element-97ad89d e-flex e-con-boxed e-con e-child\" data-id=\"97ad89d\" data-element_type=\"container\" data-settings=\"{&quot;background_background&quot;:&quot;classic&quot;}\">\n\t\t\t\t\t<div class=\"e-con-inner\">\n\t\t\t\t\t<\/div>\n\t\t\t\t<\/div>\n\t\t\t\t\t<\/div>\n\t\t\t\t<\/div>\n\t\t\t\t<div class=\"elementor-element elementor-element-3f303ea elementor-align-center elementor-widget elementor-widget-button\" data-id=\"3f303ea\" data-element_type=\"widget\" data-widget_type=\"button.default\">\n\t\t\t\t<div class=\"elementor-widget-container\">\n\t\t\t\t\t<div class=\"elementor-button-wrapper\">\n\t\t\t<a class=\"elementor-button elementor-button-link elementor-size-sm\" href=\"https:\/\/green-office.com\/de\/abfalltrennungs-app-greenme\/\">\n\t\t\t\t\t\t<span class=\"elementor-button-content-wrapper\">\n\t\t\t\t\t\t\t\t\t<span class=\"elementor-button-text\">Erfahren Sie mehr +<\/span>\n\t\t\t\t\t<\/span>\n\t\t\t\t\t<\/a>\n\t\t<\/div>\n\t\t\t\t<\/div>\n\t\t\t\t<\/div>\n\t\t\t\t\t<\/div>\n\t\t\t\t<\/a>\n\t\t\t\t<\/div>\n\t\t<div class=\"elementor-element elementor-element-3bb1174 e-con-full e-flex elementor-invisible e-con e-child\" data-id=\"3bb1174\" data-element_type=\"container\" data-settings=\"{&quot;background_background&quot;:&quot;classic&quot;,&quot;animation&quot;:&quot;fadeInRight&quot;}\">\n\t\t<a class=\"elementor-element elementor-element-cc83eee e-transform e-flex e-con-boxed e-con e-child\" data-id=\"cc83eee\" data-element_type=\"container\" data-settings=\"{&quot;_transform_scale_effect_hover&quot;:{&quot;unit&quot;:&quot;px&quot;,&quot;size&quot;:1.05,&quot;sizes&quot;:[]},&quot;_transform_scale_effect_hover_tablet_extra&quot;:{&quot;unit&quot;:&quot;px&quot;,&quot;size&quot;:&quot;&quot;,&quot;sizes&quot;:[]},&quot;_transform_scale_effect_hover_tablet&quot;:{&quot;unit&quot;:&quot;px&quot;,&quot;size&quot;:&quot;&quot;,&quot;sizes&quot;:[]},&quot;_transform_scale_effect_hover_mobile&quot;:{&quot;unit&quot;:&quot;px&quot;,&quot;size&quot;:&quot;&quot;,&quot;sizes&quot;:[]}}\" href=\"https:\/\/green-office.com\/de\/?page_id=14475\">\n\t\t\t\t\t<div class=\"e-con-inner\">\n\t\t<div class=\"elementor-element elementor-element-7390b8c e-flex e-con-boxed e-con e-child\" data-id=\"7390b8c\" data-element_type=\"container\" data-settings=\"{&quot;background_background&quot;:&quot;classic&quot;}\">\n\t\t\t\t\t<div class=\"e-con-inner\">\n\t\t\t\t\t<\/div>\n\t\t\t\t<\/div>\n\t\t<div class=\"elementor-element elementor-element-9c6e73a e-flex e-con-boxed e-con e-child\" data-id=\"9c6e73a\" data-element_type=\"container\">\n\t\t\t\t\t<div class=\"e-con-inner\">\n\t\t<div class=\"elementor-element elementor-element-8e10d0c e-flex e-con-boxed e-con e-child\" data-id=\"8e10d0c\" data-element_type=\"container\">\n\t\t\t\t\t<div class=\"e-con-inner\">\n\t\t\t\t<div class=\"elementor-element elementor-element-ffe879d elementor-widget elementor-widget-heading\" data-id=\"ffe879d\" data-element_type=\"widget\" data-widget_type=\"heading.default\">\n\t\t\t\t<div class=\"elementor-widget-container\">\n\t\t\t<h2 class=\"elementor-heading-title elementor-size-default\"><strong>Vernetzte M\u00fcllbeh\u00e4lter<\/strong> f\u00fcr st\u00e4rkere und intelligentere Umweltleistungen<\/h2>\t\t<\/div>\n\t\t\t\t<\/div>\n\t\t\t\t<div class=\"elementor-element elementor-element-813417e elementor-widget elementor-widget-text-editor\" data-id=\"813417e\" data-element_type=\"widget\" data-widget_type=\"text-editor.default\">\n\t\t\t\t<div class=\"elementor-widget-container\">\n\t\t\t\t\t\t\t<p>Entdecken Sie die effektivsten und leistungsf\u00e4higsten Sammell\u00f6sungen, um Ihre Sammelprozesse zu verbessern und Ihnen zu helfen, Ihre Nachhaltigkeitsziele und Kostensenkungen zu erreichen.<\/p>\n\t\t\t\t\t\t<\/div>\n\t\t\t\t<\/div>\n\t\t\t\t\t<\/div>\n\t\t\t\t<\/div>\n\t\t<div class=\"elementor-element elementor-element-ebbd5b2 e-flex e-con-boxed e-con e-child\" data-id=\"ebbd5b2\" data-element_type=\"container\" data-settings=\"{&quot;background_background&quot;:&quot;classic&quot;}\">\n\t\t\t\t\t<div class=\"e-con-inner\">\n\t\t\t\t\t<\/div>\n\t\t\t\t<\/div>\n\t\t\t\t\t<\/div>\n\t\t\t\t<\/div>\n\t\t\t\t<div class=\"elementor-element elementor-element-d2581c1 elementor-align-center elementor-widget elementor-widget-button\" data-id=\"d2581c1\" data-element_type=\"widget\" data-widget_type=\"button.default\">\n\t\t\t\t<div class=\"elementor-widget-container\">\n\t\t\t\t\t<div class=\"elementor-button-wrapper\">\n\t\t\t<a class=\"elementor-button elementor-button-link elementor-size-sm\" href=\"https:\/\/green-office.com\/de\/mywiew-vernetzter-abfalleimer\/\">\n\t\t\t\t\t\t<span class=\"elementor-button-content-wrapper\">\n\t\t\t\t\t\t\t\t\t<span class=\"elementor-button-text\">Erfahren Sie mehr +<\/span>\n\t\t\t\t\t<\/span>\n\t\t\t\t\t<\/a>\n\t\t<\/div>\n\t\t\t\t<\/div>\n\t\t\t\t<\/div>\n\t\t\t\t\t<\/div>\n\t\t\t\t<\/a>\n\t\t\t\t<\/div>\n\t\t\t\t\t<\/div>\n\t\t\t\t<\/div>\n\t\t\t\t<\/div>\n\t\t","protected":false},"excerpt":{"rendered":"<p>Engagierte digitale L\u00f6sungen zur Verbesserung Ihres \u00f6kologischen Fu\u00dfabdrucksund zur Bek\u00e4mpfung von Verschwendung Durch die Entwicklung innovativer Sammell\u00f6sungen und den Einsatz von Technologie zur F\u00f6rderung von Umweltinnovationen hilft Greenoffice Unternehmen, nachhaltiger, umweltbewusster und intelligenter in der Art und Weise zu werden, wie sie ihre Abf\u00e4lle betrachten und verwalten. Wir f\u00f6rdern eine positive \u00f6kologische Dynamik, die darauf&hellip; <a class=\"more-link\" href=\"https:\/\/green-office.com\/de\/digital-de\/\">Continue reading <span class=\"screen-reader-text\">Digital &#8211; DE<\/span><\/a><\/p>\n","protected":false},"author":18,"featured_media":0,"parent":0,"menu_order":0,"comment_status":"closed","ping_status":"closed","template":"template_noiise.php","meta":{"_acf_changed":false,"_monsterinsights_skip_tracking":false,"_monsterinsights_sitenote_active":false,"_monsterinsights_sitenote_note":"","_monsterinsights_sitenote_category":0,"footnotes":""},"acf":[],"yoast_head":"<!-- This site is optimized with the Yoast SEO plugin v23.5 - https:\/\/yoast.com\/wordpress\/plugins\/seo\/ -->\n<title>Digital - Greenoffice<\/title>\n<meta name=\"description\" content=\"Unsere Auswahl an digitalen L\u00f6sungen wie Green.me und Wiew wertet unsere innovativen M\u00fclltrennstationen optimal auf.\" \/>\n<meta name=\"robots\" content=\"index, follow, max-snippet:-1, max-image-preview:large, max-video-preview:-1\" \/>\n<link rel=\"canonical\" href=\"https:\/\/green-office.com\/de\/digital-de\/\" \/>\n<meta property=\"og:locale\" content=\"de_DE\" \/>\n<meta property=\"og:type\" content=\"article\" \/>\n<meta property=\"og:title\" content=\"Digital - Greenoffice\" \/>\n<meta property=\"og:description\" content=\"Unsere Auswahl an digitalen L\u00f6sungen wie Green.me und Wiew wertet unsere innovativen M\u00fclltrennstationen optimal auf.\" \/>\n<meta property=\"og:url\" content=\"https:\/\/green-office.com\/de\/digital-de\/\" \/>\n<meta property=\"og:site_name\" content=\"Greenoffice\" \/>\n<meta property=\"article:modified_time\" content=\"2026-02-12T16:17:51+00:00\" \/>\n<meta property=\"og:image\" content=\"https:\/\/green-office.com\/wp-content\/uploads\/2021\/06\/greenoffice-borne-tri-recycle-poubelle.jpg\" \/>\n\t<meta property=\"og:image:width\" content=\"1200\" \/>\n\t<meta property=\"og:image:height\" content=\"628\" \/>\n\t<meta property=\"og:image:type\" content=\"image\/jpeg\" \/>\n<meta name=\"twitter:card\" content=\"summary_large_image\" \/>\n<meta name=\"twitter:label1\" content=\"Gesch\u00e4tzte Lesezeit\" \/>\n\t<meta name=\"twitter:data1\" content=\"1\u00a0Minute\" \/>\n<script type=\"application\/ld+json\" class=\"yoast-schema-graph\">{\"@context\":\"https:\/\/schema.org\",\"@graph\":[{\"@type\":\"WebPage\",\"@id\":\"https:\/\/green-office.com\/de\/digital-de\/\",\"url\":\"https:\/\/green-office.com\/de\/digital-de\/\",\"name\":\"Digital - Greenoffice\",\"isPartOf\":{\"@id\":\"https:\/\/green-office.com\/de\/#website\"},\"datePublished\":\"2024-02-06T13:39:02+00:00\",\"dateModified\":\"2026-02-12T16:17:51+00:00\",\"description\":\"Unsere Auswahl an digitalen L\u00f6sungen wie Green.me und Wiew wertet unsere innovativen M\u00fclltrennstationen optimal auf.\",\"breadcrumb\":{\"@id\":\"https:\/\/green-office.com\/de\/digital-de\/#breadcrumb\"},\"inLanguage\":\"de\",\"potentialAction\":[{\"@type\":\"ReadAction\",\"target\":[\"https:\/\/green-office.com\/de\/digital-de\/\"]}]},{\"@type\":\"BreadcrumbList\",\"@id\":\"https:\/\/green-office.com\/de\/digital-de\/#breadcrumb\",\"itemListElement\":[{\"@type\":\"ListItem\",\"position\":1,\"name\":\"Greenoffice\",\"item\":\"https:\/\/green-office.com\/de\/\"},{\"@type\":\"ListItem\",\"position\":2,\"name\":\"Digital &#8211; DE\"}]},{\"@type\":\"WebSite\",\"@id\":\"https:\/\/green-office.com\/de\/#website\",\"url\":\"https:\/\/green-office.com\/de\/\",\"name\":\"Greenoffice\",\"description\":\"BE MORE GREEN\",\"publisher\":{\"@id\":\"https:\/\/green-office.com\/de\/#organization\"},\"potentialAction\":[{\"@type\":\"SearchAction\",\"target\":{\"@type\":\"EntryPoint\",\"urlTemplate\":\"https:\/\/green-office.com\/de\/?s={search_term_string}\"},\"query-input\":{\"@type\":\"PropertyValueSpecification\",\"valueRequired\":true,\"valueName\":\"search_term_string\"}}],\"inLanguage\":\"de\"},{\"@type\":\"Organization\",\"@id\":\"https:\/\/green-office.com\/de\/#organization\",\"name\":\"Green Office\",\"url\":\"https:\/\/green-office.com\/de\/\",\"logo\":{\"@type\":\"ImageObject\",\"inLanguage\":\"de\",\"@id\":\"https:\/\/green-office.com\/de\/#\/schema\/logo\/image\/\",\"url\":\"https:\/\/green-office.com\/wp-content\/uploads\/2023\/12\/Logo-GO-noir-jaune.svg\",\"contentUrl\":\"https:\/\/green-office.com\/wp-content\/uploads\/2023\/12\/Logo-GO-noir-jaune.svg\",\"width\":337,\"height\":375,\"caption\":\"Green Office\"},\"image\":{\"@id\":\"https:\/\/green-office.com\/de\/#\/schema\/logo\/image\/\"},\"sameAs\":[\"https:\/\/www.linkedin.com\/company\/greenoffice-international\/\"]}]}<\/script>\n<!-- \/ Yoast SEO plugin. -->","yoast_head_json":{"title":"Digital - Greenoffice","description":"Unsere Auswahl an digitalen L\u00f6sungen wie Green.me und Wiew wertet unsere innovativen M\u00fclltrennstationen optimal auf.","robots":{"index":"index","follow":"follow","max-snippet":"max-snippet:-1","max-image-preview":"max-image-preview:large","max-video-preview":"max-video-preview:-1"},"canonical":"https:\/\/green-office.com\/de\/digital-de\/","og_locale":"de_DE","og_type":"article","og_title":"Digital - Greenoffice","og_description":"Unsere Auswahl an digitalen L\u00f6sungen wie Green.me und Wiew wertet unsere innovativen M\u00fclltrennstationen optimal auf.","og_url":"https:\/\/green-office.com\/de\/digital-de\/","og_site_name":"Greenoffice","article_modified_time":"2026-02-12T16:17:51+00:00","og_image":[{"width":1200,"height":628,"url":"https:\/\/green-office.com\/wp-content\/uploads\/2021\/06\/greenoffice-borne-tri-recycle-poubelle.jpg","type":"image\/jpeg"}],"twitter_card":"summary_large_image","twitter_misc":{"Gesch\u00e4tzte Lesezeit":"1\u00a0Minute"},"schema":{"@context":"https:\/\/schema.org","@graph":[{"@type":"WebPage","@id":"https:\/\/green-office.com\/de\/digital-de\/","url":"https:\/\/green-office.com\/de\/digital-de\/","name":"Digital - Greenoffice","isPartOf":{"@id":"https:\/\/green-office.com\/de\/#website"},"datePublished":"2024-02-06T13:39:02+00:00","dateModified":"2026-02-12T16:17:51+00:00","description":"Unsere Auswahl an digitalen L\u00f6sungen wie Green.me und Wiew wertet unsere innovativen M\u00fclltrennstationen optimal auf.","breadcrumb":{"@id":"https:\/\/green-office.com\/de\/digital-de\/#breadcrumb"},"inLanguage":"de","potentialAction":[{"@type":"ReadAction","target":["https:\/\/green-office.com\/de\/digital-de\/"]}]},{"@type":"BreadcrumbList","@id":"https:\/\/green-office.com\/de\/digital-de\/#breadcrumb","itemListElement":[{"@type":"ListItem","position":1,"name":"Greenoffice","item":"https:\/\/green-office.com\/de\/"},{"@type":"ListItem","position":2,"name":"Digital &#8211; DE"}]},{"@type":"WebSite","@id":"https:\/\/green-office.com\/de\/#website","url":"https:\/\/green-office.com\/de\/","name":"Greenoffice","description":"BE MORE GREEN","publisher":{"@id":"https:\/\/green-office.com\/de\/#organization"},"potentialAction":[{"@type":"SearchAction","target":{"@type":"EntryPoint","urlTemplate":"https:\/\/green-office.com\/de\/?s={search_term_string}"},"query-input":{"@type":"PropertyValueSpecification","valueRequired":true,"valueName":"search_term_string"}}],"inLanguage":"de"},{"@type":"Organization","@id":"https:\/\/green-office.com\/de\/#organization","name":"Green Office","url":"https:\/\/green-office.com\/de\/","logo":{"@type":"ImageObject","inLanguage":"de","@id":"https:\/\/green-office.com\/de\/#\/schema\/logo\/image\/","url":"https:\/\/green-office.com\/wp-content\/uploads\/2023\/12\/Logo-GO-noir-jaune.svg","contentUrl":"https:\/\/green-office.com\/wp-content\/uploads\/2023\/12\/Logo-GO-noir-jaune.svg","width":337,"height":375,"caption":"Green Office"},"image":{"@id":"https:\/\/green-office.com\/de\/#\/schema\/logo\/image\/"},"sameAs":["https:\/\/www.linkedin.com\/company\/greenoffice-international\/"]}]}},"_links":{"self":[{"href":"https:\/\/green-office.com\/de\/wp-json\/wp\/v2\/pages\/10445"}],"collection":[{"href":"https:\/\/green-office.com\/de\/wp-json\/wp\/v2\/pages"}],"about":[{"href":"https:\/\/green-office.com\/de\/wp-json\/wp\/v2\/types\/page"}],"author":[{"embeddable":true,"href":"https:\/\/green-office.com\/de\/wp-json\/wp\/v2\/users\/18"}],"replies":[{"embeddable":true,"href":"https:\/\/green-office.com\/de\/wp-json\/wp\/v2\/comments?post=10445"}],"version-history":[{"count":10,"href":"https:\/\/green-office.com\/de\/wp-json\/wp\/v2\/pages\/10445\/revisions"}],"predecessor-version":[{"id":16668,"href":"https:\/\/green-office.com\/de\/wp-json\/wp\/v2\/pages\/10445\/revisions\/16668"}],"wp:attachment":[{"href":"https:\/\/green-office.com\/de\/wp-json\/wp\/v2\/media?parent=10445"}],"curies":[{"name":"wp","href":"https:\/\/api.w.org\/{rel}","templated":true}]}}