{"id":1353,"date":"2021-04-28T14:51:57","date_gmt":"2021-04-28T12:51:57","guid":{"rendered":"https:\/\/greenoffice-back.wow-digital.com\/a-propos\/"},"modified":"2026-01-06T11:57:35","modified_gmt":"2026-01-06T10:57:35","slug":"ueber-uns","status":"publish","type":"page","link":"https:\/\/green-office.com\/de\/ueber-uns\/","title":{"rendered":"\u00dcber uns"},"content":{"rendered":"","protected":false},"excerpt":{"rendered":"","protected":false},"author":14,"featured_media":0,"parent":0,"menu_order":3,"comment_status":"closed","ping_status":"closed","template":"templates\/about.php","meta":{"_acf_changed":false,"_monsterinsights_skip_tracking":false,"_monsterinsights_sitenote_active":false,"_monsterinsights_sitenote_note":"","_monsterinsights_sitenote_category":0,"footnotes":""},"acf":[],"yoast_head":"<!-- This site is optimized with the Yoast SEO plugin v23.5 - https:\/\/yoast.com\/wordpress\/plugins\/seo\/ -->\n<title>\u00dcber uns - Greenoffice<\/title>\n<meta name=\"description\" content=\"Alles, was Sie \u00fcber Greenoffice wissen m\u00fcssen \u2013 unsere Produkte, Werte und unser Engagement f\u00fcr Nachhaltigkeit.\" \/>\n<meta name=\"robots\" content=\"index, follow, max-snippet:-1, max-image-preview:large, max-video-preview:-1\" \/>\n<link rel=\"canonical\" href=\"https:\/\/green-office.com\/de\/ueber-uns\/\" \/>\n<meta property=\"og:locale\" content=\"de_DE\" \/>\n<meta property=\"og:type\" content=\"article\" \/>\n<meta property=\"og:title\" content=\"\u00dcber uns - Greenoffice, BE MORE GREEN\" \/>\n<meta property=\"og:description\" content=\"Greenoffice revolutioniert die Welt der Abfalltrennung durch die Entwicklung innovativer, attraktiver und effektiver L\u00f6sungen, die wirklich zur Abfalltrennung motivieren.\" \/>\n<meta property=\"og:url\" content=\"https:\/\/green-office.com\/de\/ueber-uns\/\" \/>\n<meta property=\"og:site_name\" content=\"Greenoffice\" \/>\n<meta property=\"article:modified_time\" content=\"2026-01-06T10:57:35+00:00\" \/>\n<meta property=\"og:image\" content=\"https:\/\/green-office.com\/wp-content\/uploads\/2021\/06\/greenoffice-borne-tri-recycle-poubelle.jpg\" \/>\n\t<meta property=\"og:image:width\" content=\"1200\" \/>\n\t<meta property=\"og:image:height\" content=\"628\" \/>\n\t<meta property=\"og:image:type\" content=\"image\/jpeg\" \/>\n<meta name=\"twitter:card\" content=\"summary_large_image\" \/>\n<meta name=\"twitter:title\" content=\"\u00dcber uns - Greenoffice, BE MORE GREEN\" \/>\n<meta name=\"twitter:description\" content=\"Greenoffice revolutioniert die Welt der Abfalltrennung durch die Entwicklung innovativer, attraktiver und effektiver L\u00f6sungen, die wirklich zur Abfalltrennung motivieren.\" \/>\n<meta name=\"twitter:image\" content=\"https:\/\/green-office.com\/wp-content\/uploads\/2021\/06\/greenoffice-borne-tri-recycle-poubelle.jpg\" \/>\n<script type=\"application\/ld+json\" class=\"yoast-schema-graph\">{\"@context\":\"https:\/\/schema.org\",\"@graph\":[{\"@type\":\"WebPage\",\"@id\":\"https:\/\/green-office.com\/de\/ueber-uns\/\",\"url\":\"https:\/\/green-office.com\/de\/ueber-uns\/\",\"name\":\"\u00dcber uns - Greenoffice\",\"isPartOf\":{\"@id\":\"https:\/\/green-office.com\/de\/#website\"},\"datePublished\":\"2021-04-28T12:51:57+00:00\",\"dateModified\":\"2026-01-06T10:57:35+00:00\",\"description\":\"Alles, was Sie \u00fcber Greenoffice wissen m\u00fcssen \u2013 unsere Produkte, Werte und unser Engagement f\u00fcr Nachhaltigkeit.\",\"breadcrumb\":{\"@id\":\"https:\/\/green-office.com\/de\/ueber-uns\/#breadcrumb\"},\"inLanguage\":\"de\",\"potentialAction\":[{\"@type\":\"ReadAction\",\"target\":[\"https:\/\/green-office.com\/de\/ueber-uns\/\"]}]},{\"@type\":\"BreadcrumbList\",\"@id\":\"https:\/\/green-office.com\/de\/ueber-uns\/#breadcrumb\",\"itemListElement\":[{\"@type\":\"ListItem\",\"position\":1,\"name\":\"Greenoffice\",\"item\":\"https:\/\/green-office.com\/de\/\"},{\"@type\":\"ListItem\",\"position\":2,\"name\":\"\u00dcber uns\"}]},{\"@type\":\"WebSite\",\"@id\":\"https:\/\/green-office.com\/de\/#website\",\"url\":\"https:\/\/green-office.com\/de\/\",\"name\":\"Greenoffice\",\"description\":\"BE MORE GREEN\",\"publisher\":{\"@id\":\"https:\/\/green-office.com\/de\/#organization\"},\"potentialAction\":[{\"@type\":\"SearchAction\",\"target\":{\"@type\":\"EntryPoint\",\"urlTemplate\":\"https:\/\/green-office.com\/de\/?s={search_term_string}\"},\"query-input\":{\"@type\":\"PropertyValueSpecification\",\"valueRequired\":true,\"valueName\":\"search_term_string\"}}],\"inLanguage\":\"de\"},{\"@type\":\"Organization\",\"@id\":\"https:\/\/green-office.com\/de\/#organization\",\"name\":\"Green Office\",\"url\":\"https:\/\/green-office.com\/de\/\",\"logo\":{\"@type\":\"ImageObject\",\"inLanguage\":\"de\",\"@id\":\"https:\/\/green-office.com\/de\/#\/schema\/logo\/image\/\",\"url\":\"https:\/\/green-office.com\/wp-content\/uploads\/2023\/12\/Logo-GO-noir-jaune.svg\",\"contentUrl\":\"https:\/\/green-office.com\/wp-content\/uploads\/2023\/12\/Logo-GO-noir-jaune.svg\",\"width\":337,\"height\":375,\"caption\":\"Green Office\"},\"image\":{\"@id\":\"https:\/\/green-office.com\/de\/#\/schema\/logo\/image\/\"},\"sameAs\":[\"https:\/\/www.linkedin.com\/company\/greenoffice-international\/\"]}]}<\/script>\n<!-- \/ Yoast SEO plugin. -->","yoast_head_json":{"title":"\u00dcber uns - Greenoffice","description":"Alles, was Sie \u00fcber Greenoffice wissen m\u00fcssen \u2013 unsere Produkte, Werte und unser Engagement f\u00fcr Nachhaltigkeit.","robots":{"index":"index","follow":"follow","max-snippet":"max-snippet:-1","max-image-preview":"max-image-preview:large","max-video-preview":"max-video-preview:-1"},"canonical":"https:\/\/green-office.com\/de\/ueber-uns\/","og_locale":"de_DE","og_type":"article","og_title":"\u00dcber uns - Greenoffice, BE MORE GREEN","og_description":"Greenoffice revolutioniert die Welt der Abfalltrennung durch die Entwicklung innovativer, attraktiver und effektiver L\u00f6sungen, die wirklich zur Abfalltrennung motivieren.","og_url":"https:\/\/green-office.com\/de\/ueber-uns\/","og_site_name":"Greenoffice","article_modified_time":"2026-01-06T10:57:35+00:00","og_image":[{"width":1200,"height":628,"url":"https:\/\/green-office.com\/wp-content\/uploads\/2021\/06\/greenoffice-borne-tri-recycle-poubelle.jpg","type":"image\/jpeg"}],"twitter_card":"summary_large_image","twitter_title":"\u00dcber uns - Greenoffice, BE MORE GREEN","twitter_description":"Greenoffice revolutioniert die Welt der Abfalltrennung durch die Entwicklung innovativer, attraktiver und effektiver L\u00f6sungen, die wirklich zur Abfalltrennung motivieren.","twitter_image":"https:\/\/green-office.com\/wp-content\/uploads\/2021\/06\/greenoffice-borne-tri-recycle-poubelle.jpg","schema":{"@context":"https:\/\/schema.org","@graph":[{"@type":"WebPage","@id":"https:\/\/green-office.com\/de\/ueber-uns\/","url":"https:\/\/green-office.com\/de\/ueber-uns\/","name":"\u00dcber uns - Greenoffice","isPartOf":{"@id":"https:\/\/green-office.com\/de\/#website"},"datePublished":"2021-04-28T12:51:57+00:00","dateModified":"2026-01-06T10:57:35+00:00","description":"Alles, was Sie \u00fcber Greenoffice wissen m\u00fcssen \u2013 unsere Produkte, Werte und unser Engagement f\u00fcr Nachhaltigkeit.","breadcrumb":{"@id":"https:\/\/green-office.com\/de\/ueber-uns\/#breadcrumb"},"inLanguage":"de","potentialAction":[{"@type":"ReadAction","target":["https:\/\/green-office.com\/de\/ueber-uns\/"]}]},{"@type":"BreadcrumbList","@id":"https:\/\/green-office.com\/de\/ueber-uns\/#breadcrumb","itemListElement":[{"@type":"ListItem","position":1,"name":"Greenoffice","item":"https:\/\/green-office.com\/de\/"},{"@type":"ListItem","position":2,"name":"\u00dcber uns"}]},{"@type":"WebSite","@id":"https:\/\/green-office.com\/de\/#website","url":"https:\/\/green-office.com\/de\/","name":"Greenoffice","description":"BE MORE GREEN","publisher":{"@id":"https:\/\/green-office.com\/de\/#organization"},"potentialAction":[{"@type":"SearchAction","target":{"@type":"EntryPoint","urlTemplate":"https:\/\/green-office.com\/de\/?s={search_term_string}"},"query-input":{"@type":"PropertyValueSpecification","valueRequired":true,"valueName":"search_term_string"}}],"inLanguage":"de"},{"@type":"Organization","@id":"https:\/\/green-office.com\/de\/#organization","name":"Green Office","url":"https:\/\/green-office.com\/de\/","logo":{"@type":"ImageObject","inLanguage":"de","@id":"https:\/\/green-office.com\/de\/#\/schema\/logo\/image\/","url":"https:\/\/green-office.com\/wp-content\/uploads\/2023\/12\/Logo-GO-noir-jaune.svg","contentUrl":"https:\/\/green-office.com\/wp-content\/uploads\/2023\/12\/Logo-GO-noir-jaune.svg","width":337,"height":375,"caption":"Green Office"},"image":{"@id":"https:\/\/green-office.com\/de\/#\/schema\/logo\/image\/"},"sameAs":["https:\/\/www.linkedin.com\/company\/greenoffice-international\/"]}]}},"_links":{"self":[{"href":"https:\/\/green-office.com\/de\/wp-json\/wp\/v2\/pages\/1353"}],"collection":[{"href":"https:\/\/green-office.com\/de\/wp-json\/wp\/v2\/pages"}],"about":[{"href":"https:\/\/green-office.com\/de\/wp-json\/wp\/v2\/types\/page"}],"author":[{"embeddable":true,"href":"https:\/\/green-office.com\/de\/wp-json\/wp\/v2\/users\/14"}],"replies":[{"embeddable":true,"href":"https:\/\/green-office.com\/de\/wp-json\/wp\/v2\/comments?post=1353"}],"version-history":[{"count":1,"href":"https:\/\/green-office.com\/de\/wp-json\/wp\/v2\/pages\/1353\/revisions"}],"predecessor-version":[{"id":16275,"href":"https:\/\/green-office.com\/de\/wp-json\/wp\/v2\/pages\/1353\/revisions\/16275"}],"wp:attachment":[{"href":"https:\/\/green-office.com\/de\/wp-json\/wp\/v2\/media?parent=1353"}],"curies":[{"name":"wp","href":"https:\/\/api.w.org\/{rel}","templated":true}]}}