{"id":1361,"date":"2021-04-28T13:55:22","date_gmt":"2021-04-28T11:55:22","guid":{"rendered":"https:\/\/greenoffice-back.wow-digital.com\/conditions-generales-de-vente\/"},"modified":"2026-01-06T12:00:49","modified_gmt":"2026-01-06T11:00:49","slug":"allgemeine-verkaufsbedingungen","status":"publish","type":"page","link":"https:\/\/green-office.com\/de\/allgemeine-verkaufsbedingungen\/","title":{"rendered":"Allgemeine verkaufsbedingungen"},"content":{"rendered":"\n<div class=\"wp-block-columns is-layout-flex wp-container-core-columns-is-layout-1 wp-block-columns-is-layout-flex\">\n<div class=\"wp-block-column is-layout-flow wp-block-column-is-layout-flow\">\n<figure class=\"wp-block-image size-large\"><img fetchpriority=\"high\" decoding=\"async\" width=\"851\" height=\"1024\" src=\"https:\/\/green-office.com\/wp-content\/uploads\/2021\/06\/greenoffice-condition-generale-de-vente-recycle-851x1024.jpg\" alt=\"greenoffice-ihr-abfallmanagement-firmenumgebung\" class=\"wp-image-1802\" srcset=\"https:\/\/green-office.com\/wp-content\/uploads\/2021\/06\/greenoffice-condition-generale-de-vente-recycle-851x1024.jpg 851w, https:\/\/green-office.com\/wp-content\/uploads\/2021\/06\/greenoffice-condition-generale-de-vente-recycle-249x300.jpg 249w, https:\/\/green-office.com\/wp-content\/uploads\/2021\/06\/greenoffice-condition-generale-de-vente-recycle-768x924.jpg 768w, https:\/\/green-office.com\/wp-content\/uploads\/2021\/06\/greenoffice-condition-generale-de-vente-recycle.jpg 986w\" sizes=\"(max-width: 851px) 100vw, 851px\" \/><\/figure>\n<\/div>\n\n\n\n<div class=\"wp-block-column is-layout-flow wp-block-column-is-layout-flow\">\n<h2 class=\"wp-block-heading\">Produkte:<\/h2>\n\n\n\n<p>Alle auf der Website <a href=\"http:\/\/www.green-office.com\">www.green-office.com<\/a> pr\u00e4sentierten Produkte sind f\u00fcr Fachleute bestimmt. Die Inhalte und Bilder mit Produkten sind nicht vertraglich festgelegt.<\/p>\n\n\n\n<h2 class=\"wp-block-heading\">Bestellung:<\/h2>\n\n\n\n<p>Alle bei Greenoffice aufgegebenen Bestellungen werden von Greenoffice realisiert, nachdem die Bestellung von unseren Diensten akzeptiert wurde, unter Ber\u00fccksichtigung der verf\u00fcgbaren Vorr\u00e4te. Ist das Produkt nicht erh\u00e4ltlich, so verpflichtet sich der Einzelh\u00e4ndler oder H\u00e4ndler dazu, den Kunden schnellstm\u00f6glich davon in Kenntnis zu setzen und Ihm eine seinen Bed\u00fcrfnissen entsprechende L\u00f6sung vorzuschlagen.<\/p>\n<\/div>\n<\/div>\n\n\n\n<h2 class=\"wp-block-heading\">Lieferung und Transport:<\/h2>\n\n\n\n<p>Greenoffice verpflichtet sich dazu, die Bestellungen innerhalb der im Bestellschein erw\u00e4hnten Frist an die Lieferadresse zu liefern.<\/p>\n\n\n\n<p>In besonderen F\u00e4llen (unzureichender Vorrat, Sonderprodukte,&#8230;) kann Greenoffice l\u00e4ngere Lieferfristen anwenden. In solchen F\u00e4llen wird der Kunde im Voraus verst\u00e4ndigt. Eine verz\u00f6gerte Lieferung kann keinen Grund f\u00fcr einen Schadenersatzanspruch oder die Einziehung oder Stornierung der laufenden Bestellung sein. Die festgelegten Lieferfristen sind Durchschnittsfristen f\u00fcr die Lieferung in Frankreich.<\/p>\n\n\n\n<p>F\u00fcr die Liefergeb\u00fchren wird ein separates Angebot erstellt. M\u00f6chten Sie weitere Informationen erhalten, so k\u00f6nnen Sie sich immer mit unserer Vertriebsabteilung \u00fcber <a href=\"http:\/\/xn--%3Ca%20href%3Dtel-ty9h:+33140871000%E2%80%9D<\/a%3E\">01 40 87 10 00<\/a> of <a href=\"mailto:contact@green-office.fr\">contact@green-office.fr<\/a> in Verbindung setzen.<\/p>\n\n\n\n<p>Ist die Bestellung nicht vollst\u00e4ndig auf Lager, so wird sie in Teilen angeliefert.<\/p>\n\n\n\n<p>Erfolgt die Lieferung durch ein Transportunternehmen, so muss der Kunde im Falle von Schaden oder fehlenden Produkten unmittelbar alle notwendigen Feststellungen auf die Transportunterlagen vermerken und seine Bemerkungen per Einschreiben mit Empfangsbest\u00e4tigung innerhalb von drei Tagen nach Eingang der Ware an Greenoffice schicken. H\u00e4lt der Adressat diese Bestimmung nicht ein, so kann er haftbar gemacht werden. Jedenfalls werden die Verlust- oder Wertminderungsrisiken der Produkte und Materialien auf den Kunden \u00fcbertragen, sobald sie das Lager von Greenoffice verlassen haben.<\/p>\n\n\n\n<div class=\"wp-block-columns is-layout-flex wp-container-core-columns-is-layout-2 wp-block-columns-is-layout-flex\">\n<div class=\"wp-block-column is-layout-flow wp-block-column-is-layout-flow\">\n<h2 class=\"wp-block-heading\">Garantie:<\/h2>\n\n\n\n<p>F\u00fcr alle Materialien und Produkte gilt eine einj\u00e4hrige Garantie ab Datum des Empfangs durch den Kunden im Falle von Herstellungs- oder Materialfehlern. Die Garantie beschr\u00e4nkt sich auf den Ersatz oder die Reparatur des Materials, das als mangelhaft bezeichnet ist, ausgenommen der Konsumg\u00fcter und der zugeh\u00f6rigen G\u00fcter. Bei der Reparatur oder dem Ersatz eines Produktes verl\u00e4ngert sich die Garantie zum Produkt nicht.<\/p>\n\n\n\n<h2 class=\"wp-block-heading\">Die Garantie ist nur g\u00fcltig, wenn:<\/h2>\n\n\n\n<p>Greenoffice von den Problemen innerhalb von 72 Stunden nach der Feststellung in Kenntnis gesetzt wurde; Greenoffice best\u00e4tigt, dass das Produkt M\u00e4ngel aufweist; der Kunde oder ein Dritter keine Ver\u00e4nderungen am Produkt vorgenommen hat. Jedenfalls werden von der Garantie normaler Verschlei\u00df des Materials, Wertminderung, Schaden wegen Fahrl\u00e4ssigkeit, mangelhafte Kontrolle, mangelhafte Pflege des Materials, mangelhafte Installation oder Installation ohne Ber\u00fccksichtigung der Empfehlungen des Verk\u00e4ufers ausgeschlossen.<\/p>\n<\/div>\n\n\n\n<div class=\"wp-block-column is-layout-flow wp-block-column-is-layout-flow\">\n<figure class=\"wp-block-image size-large\"><img decoding=\"async\" width=\"851\" height=\"1024\" src=\"https:\/\/green-office.com\/wp-content\/uploads\/2021\/06\/green-office-condition-generale-de-vente-recycle-green-851x1024.jpg\" alt=\"green-office-abfalltren-m\u00fclleimers\" class=\"wp-image-1807\" srcset=\"https:\/\/green-office.com\/wp-content\/uploads\/2021\/06\/green-office-condition-generale-de-vente-recycle-green-851x1024.jpg 851w, https:\/\/green-office.com\/wp-content\/uploads\/2021\/06\/green-office-condition-generale-de-vente-recycle-green-249x300.jpg 249w, https:\/\/green-office.com\/wp-content\/uploads\/2021\/06\/green-office-condition-generale-de-vente-recycle-green-768x924.jpg 768w, https:\/\/green-office.com\/wp-content\/uploads\/2021\/06\/green-office-condition-generale-de-vente-recycle-green.jpg 986w\" sizes=\"(max-width: 851px) 100vw, 851px\" \/><\/figure>\n<\/div>\n<\/div>\n\n\n\n<h2 class=\"wp-block-heading\">Kundendienst:<\/h2>\n\n\n\n<p>Greenoffice bietet seinen Kunden Kundendienstleistungen. Ein Angebot wird erstellt f\u00fcr Reparaturen, die nicht mehr unter Garantie sind. Sie werden erst vorgenommen nach ausdr\u00fccklicher Billigung des Kunden, der das Angebot unterzeichnet und zur\u00fcckschickt. Die Kosten f\u00fcr den Versand des mangelhaften Produktes an die Werkstatt werden immer vom Absender getragen.<\/p>\n\n\n\n<h2 class=\"wp-block-heading\">Haftung:<\/h2>\n\n\n\n<p>Die auf der Webseite pr\u00e4sentierten Materialien und Produkte entsprechen der geltenden franz\u00f6sischen Gesetzgebung. Falls eine Bestellung f\u00fcr das Ausland bestimmt ist, muss der Kunde selber erst pr\u00fcfen, ob die Produkte der geltenden Gesetzgebung entsprechen. Der Kunde soll sich insbesondere bei den \u00f6rtlichen Beh\u00f6rden \u00fcber die f\u00fcr die bestellten Produkte m\u00f6glicherweise geltenden Einfuhrbeschr\u00e4nkungen oder Nutzungsbedingungen erkundigen.<\/p>\n\n\n\n<p>Auf jeden Fall kann Greenoffice nicht haften f\u00fcr die durch seine Ware verursachten Auswirkungen auf andere G\u00fcter und\/oder f\u00fcr etwaige direkte oder indirekte Sch\u00e4den.<\/p>\n\n\n\n<h2 class=\"wp-block-heading\">Preise:<\/h2>\n\n\n\n<p>Preise sind \u00fcber E-Mail auf <a href=\"mailto:contact@green-office.fr\">contact@green-office.fr<\/a> oder bei unserer Vertriebsabteilung unter der Rufnummer <a href=\"http:\/\/xn--%3Ca%20href%3Dtel-ty9h:+33140871000%E2%80%9D<\/a%3E\">01 40 87 10 00<\/a> anzufragen. Die Preise werden bis zum erw\u00e4hnten G\u00fcltigkeitsdatum im Angebot gew\u00e4hrleistet. Alle Preise verstehen sich exkl. Mehrwertsteuern und Liefergeb\u00fchren, es sei denn, etwas anderes wurde festgelegt.<\/p>\n\n\n\n<p>Rechnungen sind innerhalb einer in der Rechnung angegebenen Frist per \u00dcberweisung oder Bankscheck und innerhalb einer Frist von 30 Tagen f\u00fcr Zahlungen mittels administrativer \u00dcberweisung zu zahlen.<\/p>\n\n\n\n<p>Jede nicht am F\u00e4lligkeitstag entrichtete Summe f\u00fchrt zur:<\/p>\n\n\n\n<p>Zahlung der Verzugszinsen zum Zinsfu\u00df, der anderthalb mal dem gesetzlichen Zinsfu\u00df entspricht. Diese Zinsen nehmen einen Anfang ab dem Datum des ersten Tages nach dem F\u00e4lligkeitstag bis zum Eingang der Zahlung. Unmittelbaren F\u00e4lligkeit aller noch ausstehenden und nicht f\u00e4lligen Rechnungen.<\/p>\n\n\n\n<h2 class=\"wp-block-heading\">Gesetz \u00fcber die Informatik und Freiheiten:<\/h2>\n\n\n\n<p>In \u00dcbereinstimmung mit der Gesetzgebung ist der Kunde dazu berechtigt, seine Personalien einzusehen, zu korrigieren und dagegen Beschwerde zu erheben. Der Kunde kann schriftlich anfordern, dass seine Personalien gel\u00f6scht werden und\/oder Dritten nicht weitergeleitet werden.<\/p>\n\n\n\n<h2 class=\"wp-block-heading\">Eigentumsvorbehalt:<\/h2>\n\n\n\n<p>Es wird ausdr\u00fccklich vereinbart, dass Greenoffice bis zum Zeitpunkt der vollst\u00e4ndigen Zahlung des Preises f\u00fcr diese Ware der vollst\u00e4ndige und exklusive Inhaber der verkauften Ware bleibt. Wechsel oder andere Titel, welche eine Zahlungspflicht beinhalten, werden nicht als Zahlungen betrachtet.<\/p>\n","protected":false},"excerpt":{"rendered":"<p>Produkte: Alle auf der Website www.green-office.com pr\u00e4sentierten Produkte sind f\u00fcr Fachleute bestimmt. Die Inhalte und Bilder mit Produkten sind nicht vertraglich festgelegt. Bestellung: Alle bei Greenoffice aufgegebenen Bestellungen werden von Greenoffice realisiert, nachdem die Bestellung von unseren Diensten akzeptiert wurde, unter Ber\u00fccksichtigung der verf\u00fcgbaren Vorr\u00e4te. Ist das Produkt nicht erh\u00e4ltlich, so verpflichtet sich der Einzelh\u00e4ndler&hellip; <a class=\"more-link\" href=\"https:\/\/green-office.com\/de\/allgemeine-verkaufsbedingungen\/\">Continue reading <span class=\"screen-reader-text\">Allgemeine verkaufsbedingungen<\/span><\/a><\/p>\n","protected":false},"author":14,"featured_media":0,"parent":0,"menu_order":5,"comment_status":"closed","ping_status":"closed","template":"templates\/cgv.php","meta":{"_acf_changed":false,"_monsterinsights_skip_tracking":false,"_monsterinsights_sitenote_active":false,"_monsterinsights_sitenote_note":"","_monsterinsights_sitenote_category":0,"footnotes":""},"acf":[],"yoast_head":"<!-- This site is optimized with the Yoast SEO plugin v23.5 - https:\/\/yoast.com\/wordpress\/plugins\/seo\/ -->\n<title>Allgemeine verkaufsbedingungen | Greenoffice - BE MORE GREEN<\/title>\n<meta name=\"description\" content=\"Allgemeine Gesch\u00e4ftsbedingungen von Greenoffice: Rechtliche Informationen zur Nutzung der Website, zu Bestellungen, Lieferung und Haftung.\" \/>\n<meta name=\"robots\" content=\"index, follow, max-snippet:-1, max-image-preview:large, max-video-preview:-1\" \/>\n<link rel=\"canonical\" href=\"https:\/\/green-office.com\/de\/allgemeine-verkaufsbedingungen\/\" \/>\n<meta property=\"og:locale\" content=\"de_DE\" \/>\n<meta property=\"og:type\" content=\"article\" \/>\n<meta property=\"og:title\" content=\"Allgemeine verkaufsbedingungen - Greenoffice, BE MORE GREEN\" \/>\n<meta property=\"og:description\" content=\"Jeder mit Greenoffice get\u00e4tigte Verkauf setzt die konsequente Einhaltung der folgenden allgemeinen Verkaufsbedingungen voraus.\" \/>\n<meta property=\"og:url\" content=\"https:\/\/green-office.com\/de\/allgemeine-verkaufsbedingungen\/\" \/>\n<meta property=\"og:site_name\" content=\"Greenoffice\" \/>\n<meta property=\"article:modified_time\" content=\"2026-01-06T11:00:49+00:00\" \/>\n<meta property=\"og:image\" content=\"https:\/\/green-office.com\/wp-content\/uploads\/2021\/06\/greenoffice-seo-image-preview-borne-tri.jpg\" \/>\n\t<meta property=\"og:image:width\" content=\"1200\" \/>\n\t<meta property=\"og:image:height\" content=\"628\" \/>\n\t<meta property=\"og:image:type\" content=\"image\/jpeg\" \/>\n<meta name=\"twitter:card\" content=\"summary_large_image\" \/>\n<meta name=\"twitter:title\" content=\"Allgemeine verkaufsbedingungen - Greenoffice, BE MORE GREEN\" \/>\n<meta name=\"twitter:description\" content=\"Jeder mit Greenoffice get\u00e4tigte Verkauf setzt die konsequente Einhaltung der folgenden allgemeinen Verkaufsbedingungen voraus.\" \/>\n<meta name=\"twitter:image\" content=\"https:\/\/green-office.com\/wp-content\/uploads\/2021\/06\/greenoffice-seo-image-preview-borne-tri.jpg\" \/>\n<meta name=\"twitter:label1\" content=\"Gesch\u00e4tzte Lesezeit\" \/>\n\t<meta name=\"twitter:data1\" content=\"5\u00a0Minuten\" \/>\n<script type=\"application\/ld+json\" class=\"yoast-schema-graph\">{\"@context\":\"https:\/\/schema.org\",\"@graph\":[{\"@type\":\"WebPage\",\"@id\":\"https:\/\/green-office.com\/de\/allgemeine-verkaufsbedingungen\/\",\"url\":\"https:\/\/green-office.com\/de\/allgemeine-verkaufsbedingungen\/\",\"name\":\"Allgemeine verkaufsbedingungen | Greenoffice - BE MORE GREEN\",\"isPartOf\":{\"@id\":\"https:\/\/green-office.com\/de\/#website\"},\"primaryImageOfPage\":{\"@id\":\"https:\/\/green-office.com\/de\/allgemeine-verkaufsbedingungen\/#primaryimage\"},\"image\":{\"@id\":\"https:\/\/green-office.com\/de\/allgemeine-verkaufsbedingungen\/#primaryimage\"},\"thumbnailUrl\":\"https:\/\/green-office.com\/wp-content\/uploads\/2021\/06\/greenoffice-condition-generale-de-vente-recycle-851x1024.jpg\",\"datePublished\":\"2021-04-28T11:55:22+00:00\",\"dateModified\":\"2026-01-06T11:00:49+00:00\",\"description\":\"Allgemeine Gesch\u00e4ftsbedingungen von Greenoffice: Rechtliche Informationen zur Nutzung der Website, zu Bestellungen, Lieferung und Haftung.\",\"breadcrumb\":{\"@id\":\"https:\/\/green-office.com\/de\/allgemeine-verkaufsbedingungen\/#breadcrumb\"},\"inLanguage\":\"de\",\"potentialAction\":[{\"@type\":\"ReadAction\",\"target\":[\"https:\/\/green-office.com\/de\/allgemeine-verkaufsbedingungen\/\"]}]},{\"@type\":\"ImageObject\",\"inLanguage\":\"de\",\"@id\":\"https:\/\/green-office.com\/de\/allgemeine-verkaufsbedingungen\/#primaryimage\",\"url\":\"https:\/\/green-office.com\/wp-content\/uploads\/2021\/06\/greenoffice-condition-generale-de-vente-recycle-851x1024.jpg\",\"contentUrl\":\"https:\/\/green-office.com\/wp-content\/uploads\/2021\/06\/greenoffice-condition-generale-de-vente-recycle-851x1024.jpg\"},{\"@type\":\"BreadcrumbList\",\"@id\":\"https:\/\/green-office.com\/de\/allgemeine-verkaufsbedingungen\/#breadcrumb\",\"itemListElement\":[{\"@type\":\"ListItem\",\"position\":1,\"name\":\"Greenoffice\",\"item\":\"https:\/\/green-office.com\/de\/\"},{\"@type\":\"ListItem\",\"position\":2,\"name\":\"Allgemeine verkaufsbedingungen\"}]},{\"@type\":\"WebSite\",\"@id\":\"https:\/\/green-office.com\/de\/#website\",\"url\":\"https:\/\/green-office.com\/de\/\",\"name\":\"Greenoffice\",\"description\":\"BE MORE GREEN\",\"publisher\":{\"@id\":\"https:\/\/green-office.com\/de\/#organization\"},\"potentialAction\":[{\"@type\":\"SearchAction\",\"target\":{\"@type\":\"EntryPoint\",\"urlTemplate\":\"https:\/\/green-office.com\/de\/?s={search_term_string}\"},\"query-input\":{\"@type\":\"PropertyValueSpecification\",\"valueRequired\":true,\"valueName\":\"search_term_string\"}}],\"inLanguage\":\"de\"},{\"@type\":\"Organization\",\"@id\":\"https:\/\/green-office.com\/de\/#organization\",\"name\":\"Green Office\",\"url\":\"https:\/\/green-office.com\/de\/\",\"logo\":{\"@type\":\"ImageObject\",\"inLanguage\":\"de\",\"@id\":\"https:\/\/green-office.com\/de\/#\/schema\/logo\/image\/\",\"url\":\"https:\/\/green-office.com\/wp-content\/uploads\/2023\/12\/Logo-GO-noir-jaune.svg\",\"contentUrl\":\"https:\/\/green-office.com\/wp-content\/uploads\/2023\/12\/Logo-GO-noir-jaune.svg\",\"width\":337,\"height\":375,\"caption\":\"Green Office\"},\"image\":{\"@id\":\"https:\/\/green-office.com\/de\/#\/schema\/logo\/image\/\"},\"sameAs\":[\"https:\/\/www.linkedin.com\/company\/greenoffice-international\/\"]}]}<\/script>\n<!-- \/ Yoast SEO plugin. -->","yoast_head_json":{"title":"Allgemeine verkaufsbedingungen | Greenoffice - BE MORE GREEN","description":"Allgemeine Gesch\u00e4ftsbedingungen von Greenoffice: Rechtliche Informationen zur Nutzung der Website, zu Bestellungen, Lieferung und Haftung.","robots":{"index":"index","follow":"follow","max-snippet":"max-snippet:-1","max-image-preview":"max-image-preview:large","max-video-preview":"max-video-preview:-1"},"canonical":"https:\/\/green-office.com\/de\/allgemeine-verkaufsbedingungen\/","og_locale":"de_DE","og_type":"article","og_title":"Allgemeine verkaufsbedingungen - Greenoffice, BE MORE GREEN","og_description":"Jeder mit Greenoffice get\u00e4tigte Verkauf setzt die konsequente Einhaltung der folgenden allgemeinen Verkaufsbedingungen voraus.","og_url":"https:\/\/green-office.com\/de\/allgemeine-verkaufsbedingungen\/","og_site_name":"Greenoffice","article_modified_time":"2026-01-06T11:00:49+00:00","og_image":[{"width":1200,"height":628,"url":"https:\/\/green-office.com\/wp-content\/uploads\/2021\/06\/greenoffice-seo-image-preview-borne-tri.jpg","type":"image\/jpeg"}],"twitter_card":"summary_large_image","twitter_title":"Allgemeine verkaufsbedingungen - Greenoffice, BE MORE GREEN","twitter_description":"Jeder mit Greenoffice get\u00e4tigte Verkauf setzt die konsequente Einhaltung der folgenden allgemeinen Verkaufsbedingungen voraus.","twitter_image":"https:\/\/green-office.com\/wp-content\/uploads\/2021\/06\/greenoffice-seo-image-preview-borne-tri.jpg","twitter_misc":{"Gesch\u00e4tzte Lesezeit":"5\u00a0Minuten"},"schema":{"@context":"https:\/\/schema.org","@graph":[{"@type":"WebPage","@id":"https:\/\/green-office.com\/de\/allgemeine-verkaufsbedingungen\/","url":"https:\/\/green-office.com\/de\/allgemeine-verkaufsbedingungen\/","name":"Allgemeine verkaufsbedingungen | Greenoffice - BE MORE GREEN","isPartOf":{"@id":"https:\/\/green-office.com\/de\/#website"},"primaryImageOfPage":{"@id":"https:\/\/green-office.com\/de\/allgemeine-verkaufsbedingungen\/#primaryimage"},"image":{"@id":"https:\/\/green-office.com\/de\/allgemeine-verkaufsbedingungen\/#primaryimage"},"thumbnailUrl":"https:\/\/green-office.com\/wp-content\/uploads\/2021\/06\/greenoffice-condition-generale-de-vente-recycle-851x1024.jpg","datePublished":"2021-04-28T11:55:22+00:00","dateModified":"2026-01-06T11:00:49+00:00","description":"Allgemeine Gesch\u00e4ftsbedingungen von Greenoffice: Rechtliche Informationen zur Nutzung der Website, zu Bestellungen, Lieferung und Haftung.","breadcrumb":{"@id":"https:\/\/green-office.com\/de\/allgemeine-verkaufsbedingungen\/#breadcrumb"},"inLanguage":"de","potentialAction":[{"@type":"ReadAction","target":["https:\/\/green-office.com\/de\/allgemeine-verkaufsbedingungen\/"]}]},{"@type":"ImageObject","inLanguage":"de","@id":"https:\/\/green-office.com\/de\/allgemeine-verkaufsbedingungen\/#primaryimage","url":"https:\/\/green-office.com\/wp-content\/uploads\/2021\/06\/greenoffice-condition-generale-de-vente-recycle-851x1024.jpg","contentUrl":"https:\/\/green-office.com\/wp-content\/uploads\/2021\/06\/greenoffice-condition-generale-de-vente-recycle-851x1024.jpg"},{"@type":"BreadcrumbList","@id":"https:\/\/green-office.com\/de\/allgemeine-verkaufsbedingungen\/#breadcrumb","itemListElement":[{"@type":"ListItem","position":1,"name":"Greenoffice","item":"https:\/\/green-office.com\/de\/"},{"@type":"ListItem","position":2,"name":"Allgemeine verkaufsbedingungen"}]},{"@type":"WebSite","@id":"https:\/\/green-office.com\/de\/#website","url":"https:\/\/green-office.com\/de\/","name":"Greenoffice","description":"BE MORE GREEN","publisher":{"@id":"https:\/\/green-office.com\/de\/#organization"},"potentialAction":[{"@type":"SearchAction","target":{"@type":"EntryPoint","urlTemplate":"https:\/\/green-office.com\/de\/?s={search_term_string}"},"query-input":{"@type":"PropertyValueSpecification","valueRequired":true,"valueName":"search_term_string"}}],"inLanguage":"de"},{"@type":"Organization","@id":"https:\/\/green-office.com\/de\/#organization","name":"Green Office","url":"https:\/\/green-office.com\/de\/","logo":{"@type":"ImageObject","inLanguage":"de","@id":"https:\/\/green-office.com\/de\/#\/schema\/logo\/image\/","url":"https:\/\/green-office.com\/wp-content\/uploads\/2023\/12\/Logo-GO-noir-jaune.svg","contentUrl":"https:\/\/green-office.com\/wp-content\/uploads\/2023\/12\/Logo-GO-noir-jaune.svg","width":337,"height":375,"caption":"Green Office"},"image":{"@id":"https:\/\/green-office.com\/de\/#\/schema\/logo\/image\/"},"sameAs":["https:\/\/www.linkedin.com\/company\/greenoffice-international\/"]}]}},"_links":{"self":[{"href":"https:\/\/green-office.com\/de\/wp-json\/wp\/v2\/pages\/1361"}],"collection":[{"href":"https:\/\/green-office.com\/de\/wp-json\/wp\/v2\/pages"}],"about":[{"href":"https:\/\/green-office.com\/de\/wp-json\/wp\/v2\/types\/page"}],"author":[{"embeddable":true,"href":"https:\/\/green-office.com\/de\/wp-json\/wp\/v2\/users\/14"}],"replies":[{"embeddable":true,"href":"https:\/\/green-office.com\/de\/wp-json\/wp\/v2\/comments?post=1361"}],"version-history":[{"count":1,"href":"https:\/\/green-office.com\/de\/wp-json\/wp\/v2\/pages\/1361\/revisions"}],"predecessor-version":[{"id":15924,"href":"https:\/\/green-office.com\/de\/wp-json\/wp\/v2\/pages\/1361\/revisions\/15924"}],"wp:attachment":[{"href":"https:\/\/green-office.com\/de\/wp-json\/wp\/v2\/media?parent=1361"}],"curies":[{"name":"wp","href":"https:\/\/api.w.org\/{rel}","templated":true}]}}