{"id":1362,"date":"2021-04-28T07:04:19","date_gmt":"2021-04-28T05:04:19","guid":{"rendered":"https:\/\/greenoffice-back.wow-digital.com\/politique-de-confidentialite\/"},"modified":"2025-03-07T09:23:32","modified_gmt":"2025-03-07T08:23:32","slug":"datenschutzrichtlinie","status":"publish","type":"page","link":"https:\/\/green-office.com\/de\/datenschutzrichtlinie\/","title":{"rendered":"Datenschutzrichtlinie"},"content":{"rendered":"\n<h2 class=\"wp-block-heading\">Cookies und andere Technologien zur Nachverfolgung<\/h2>\n\n\n\n<p>Einige unserer Webseiten verwenden \u201eCookies\u201c sowie andere Technologien zur Nachverfolgung. Ein \u201eCookie\u201c ist eine kleine Textdatei, die z.B. dazu verwendet werden kann, Informationen \u00fcber die Webseiten-Aktivit\u00e4t zu erheben. Einige Cookies und andere Technologien k\u00f6nnen dazu dienen, personenbezogene Daten abzurufen, die zuvor von einem Web-Benutzer angegeben wurden. Die meisten Browser erlauben es Ihnen, Cookies zu verwalten, einschlie\u00dflich der Fragestellung, ob diese akzeptiert werden sollen oder nicht und wie sie entfernt werden k\u00f6nnen.<\/p>\n\n\n\n<p>Sie k\u00f6nnen die meisten Browser so einstellen, dass Sie benachrichtigt werden, sobald ein Cookie gespeichert werden soll, oder Sie k\u00f6nnen Cookies mithilfe Ihres Browsers blockieren. Bitte beachten Sie jedoch, dass Sie, sofern Sie Ihre Cookies l\u00f6schen oder blockieren lassen m\u00f6chten, Ihre urspr\u00fcngliche Benutzer-ID und Ihr Kennwort erneut eingeben m\u00fcssen, um Zugang zu bestimmten Teilen der Webseite zu erhalten.<\/p>\n\n\n\n<p>Tracking-Technologien k\u00f6nnen Informationen wie Internet-Domain- und Hostnamen, Internet-Protokolladressen (IP-Adressen), Browser-Software und Betriebssystemtypen, Clickstream-Muster sowie Datum und Uhrzeit des Zugriffs auf unsere Webseite aufzeichnen. Die Verwendung von Cookies und anderen Tracking-Technologien erm\u00f6glicht es uns, unsere Webseite und Ihr Web-Erlebnis zu verbessern. Wir k\u00f6nnen auch Informationen, die keine personenbezogenen Daten enthalten, f\u00fcr Trends und Statistiken analysieren.<\/p>\n\n\n\n<p>Um Ihre Privatsph\u00e4re zu sch\u00fctzen zu k\u00f6nnen, gelten f\u00fcr die Online-Datenschutzrichtlinie von Greenoffice die folgenden Grunds\u00e4tze:<\/p>\n\n\n\n<ul><li>Offenlegung<\/li><li>Auswahlm\u00f6glichkeiten<\/li><li>Sicherheit<\/li><li>Zugriff\/Genauigkeit<\/li><\/ul>\n\n\n\n<h2 class=\"wp-block-heading\">Offenlegung<\/h2>\n\n\n\n<p>Dort, wo Greenoffice personenbezogene Daten im Internet erhebt, wird eine Zweckerkl\u00e4rung ver\u00f6ffentlicht, die erl\u00e4utert, warum personenbezogene Daten erhoben werden. Greenoffice \u00fcbermittelt keinerlei personenbezogene Daten an Dritte, die nicht verpflichtet sind, im Namen von Greenoffice t\u00e4tig zu sein, es sei denn, eine solche \u00dcbermittlung ist gesetzlich vorgeschrieben. Wir behalten uns jedoch das Recht vor, alle von uns erhobenen personenbezogenen Daten f\u00fcr Zwecke wie Kundendienst, Marketing, Produkt- und Dienstleistungsentwicklung, Verbreitung von Anlegerinformationen, Personalentwicklung und Erleichterung der sp\u00e4teren Nutzung dieser Webseite zu nutzen.<\/p>\n\n\n\n<p>\u00c0 moins que vous ne refusiez de recevoir du mat\u00e9riel promotionnel, nous pouvons de temps en temps vous envoyer des informations concernant des promotions sp\u00e9ciales, de nouveaux produits ou services, ou d\u2019autres informations susceptibles de vous int\u00e9resser. Nous nous r\u00e9servons explicitement le droit de divulguer de telles Informations Personnelles si la loi l\u2019exige ou si nous pensons en toute bonne foi qu\u2019une telle action est raisonnablement n\u00e9cessaire pour respecter la loi en vigueur ou pour prot\u00e9ger les droits, la propri\u00e9t\u00e9 ou la s\u00e9curit\u00e9 de Greenoffice, de ses employ\u00e9s, de ses clients ou du public.<\/p>\n\n\n\n<h2 class=\"wp-block-heading\">Auswahlm\u00f6glichkeiten<\/h2>\n\n\n\n<p>Sofern Sie sich nicht gegen den Erhalt von Werbematerialien entscheiden, k\u00f6nnen wir Sie von Zeit zu Zeit \u00fcber Sonderangebote, neue Produkte oder Dienstleistungen oder andere Informationen, die f\u00fcr Sie von Interesse sein k\u00f6nnten, informieren. Wir behalten uns ausdr\u00fccklich das Recht vor, solche personenbezogenen Daten offenzulegen, falls wir gesetzlich dazu verpflichtet sind oder in gutem Glauben davon ausgehen, dass eine solche Ma\u00dfnahme vern\u00fcnftigerweise notwendig ist, um geltendem Recht zu entsprechen oder die Rechte, das Eigentum oder die Sicherheit von Greenoffice, seinen Mitarbeitern, Kunden oder der \u00d6ffentlichkeit zu sch\u00fctzen.<\/p>\n\n\n\n<h2 class=\"wp-block-heading\">Sicherheit<\/h2>\n\n\n\n<p>Wo auch immer Ihre personenbezogenen Daten innerhalb von Greenoffice oder in seinem Namen aufbewahrt werden, strebt Greenoffice an, angemessene und geeignete Ma\u00dfnahmen zu ergreifen, um die personenbezogenen Daten, die Sie uns \u00fcbermitteln, vor unbefugtem Zugriff oder Offenlegung zu sch\u00fctzen.<\/p>\n\n\n\n<h2 class=\"wp-block-heading\">Zugriff\/Genauigkeit<\/h2>\n\n\n\n<p>In dem Umfang, in dem Sie uns personenbezogene Daten zur Verf\u00fcgung stellen, m\u00f6chte Greenoffice \u00fcber korrekte personenbezogene Daten verf\u00fcgen. Sofern wir im Internet personenbezogene Daten von Ihnen erheben, lautet unser Ziel, Ihnen eine M\u00f6glichkeit zu bieten, Greenoffice zu kontaktieren, falls Sie diese Daten aktualisieren oder korrigieren m\u00fcssen. Sollten diese Mittel aus irgendeinem Grund nicht verf\u00fcgbar oder unzug\u00e4nglich sein, k\u00f6nnen Sie Aktualisierungen und Korrekturen Ihrer personenbezogenen Daten an&nbsp;<a href=\"mailto:contact@green-office.fr\">contact@green-office.fr<\/a> senden. Wir werden angemessene Anstrengungen unternehmen, um die \u00c4nderungen an Ihren bei uns gespeicherten personenbezogenen Daten schnellstm\u00f6glich zu \u00fcbernehmen.<\/p>\n","protected":false},"excerpt":{"rendered":"<p>Cookies und andere Technologien zur Nachverfolgung Einige unserer Webseiten verwenden \u201eCookies\u201c sowie andere Technologien zur Nachverfolgung. Ein \u201eCookie\u201c ist eine kleine Textdatei, die z.B. dazu verwendet werden kann, Informationen \u00fcber die Webseiten-Aktivit\u00e4t zu erheben. Einige Cookies und andere Technologien k\u00f6nnen dazu dienen, personenbezogene Daten abzurufen, die zuvor von einem Web-Benutzer angegeben wurden. Die meisten Browser&hellip; <a class=\"more-link\" href=\"https:\/\/green-office.com\/de\/datenschutzrichtlinie\/\">Continue reading <span class=\"screen-reader-text\">Datenschutzrichtlinie<\/span><\/a><\/p>\n","protected":false},"author":14,"featured_media":0,"parent":0,"menu_order":27,"comment_status":"closed","ping_status":"closed","template":"templates\/cgv.php","meta":{"_acf_changed":false,"_monsterinsights_skip_tracking":false,"_monsterinsights_sitenote_active":false,"_monsterinsights_sitenote_note":"","_monsterinsights_sitenote_category":0,"footnotes":""},"acf":[],"yoast_head":"<!-- This site is optimized with the Yoast SEO plugin v23.5 - https:\/\/yoast.com\/wordpress\/plugins\/seo\/ -->\n<title>Datenschutzrichtlinie - Greenoffice B\u00fcros beh\u00e4ltern, BE MORE GREEN<\/title>\n<meta name=\"description\" content=\"Greenoffice. Abfalltren M\u00fclleimers. Recyclingbeh\u00e4ltern. M\u00fclleimer Unternehmen. Abfalltrennl\u00f6sungen. Ihr Abfallmanagement Firmenumgebung.\" \/>\n<meta name=\"robots\" content=\"index, follow, max-snippet:-1, max-image-preview:large, max-video-preview:-1\" \/>\n<link rel=\"canonical\" href=\"https:\/\/green-office.com\/de\/datenschutzrichtlinie\/\" \/>\n<meta property=\"og:locale\" content=\"de_DE\" \/>\n<meta property=\"og:type\" content=\"article\" \/>\n<meta property=\"og:title\" content=\"Datenschutzrichtlinie - Greenoffice, BE MORE GREEN\" \/>\n<meta property=\"og:description\" content=\"Greenoffice hat diese Datenschutzrichtlinie erstellt, um zu erkl\u00e4ren, wie wir mit Ihren pers\u00f6nlichen Daten umgehen.\" \/>\n<meta property=\"og:url\" content=\"https:\/\/green-office.com\/de\/datenschutzrichtlinie\/\" \/>\n<meta property=\"og:site_name\" content=\"Greenoffice\" \/>\n<meta property=\"article:modified_time\" content=\"2025-03-07T08:23:32+00:00\" \/>\n<meta property=\"og:image\" content=\"https:\/\/green-office.com\/wp-content\/uploads\/2021\/06\/greenoffice-seo-image-preview-borne-tri.jpg\" \/>\n\t<meta property=\"og:image:width\" content=\"1200\" \/>\n\t<meta property=\"og:image:height\" content=\"628\" \/>\n\t<meta property=\"og:image:type\" content=\"image\/jpeg\" \/>\n<meta name=\"twitter:card\" content=\"summary_large_image\" \/>\n<meta name=\"twitter:title\" content=\"Datenschutzrichtlinie - Greenoffice, BE MORE GREEN\" \/>\n<meta name=\"twitter:description\" content=\"Greenoffice hat diese Datenschutzrichtlinie erstellt, um zu erkl\u00e4ren, wie wir mit Ihren pers\u00f6nlichen Daten umgehen.\" \/>\n<meta name=\"twitter:image\" content=\"https:\/\/green-office.com\/wp-content\/uploads\/2021\/06\/greenoffice-seo-image-preview-borne-tri.jpg\" \/>\n<meta name=\"twitter:label1\" content=\"Gesch\u00e4tzte Lesezeit\" \/>\n\t<meta name=\"twitter:data1\" content=\"4\u00a0Minuten\" \/>\n<script type=\"application\/ld+json\" class=\"yoast-schema-graph\">{\"@context\":\"https:\/\/schema.org\",\"@graph\":[{\"@type\":\"WebPage\",\"@id\":\"https:\/\/green-office.com\/de\/datenschutzrichtlinie\/\",\"url\":\"https:\/\/green-office.com\/de\/datenschutzrichtlinie\/\",\"name\":\"Datenschutzrichtlinie - Greenoffice B\u00fcros beh\u00e4ltern, BE MORE GREEN\",\"isPartOf\":{\"@id\":\"https:\/\/green-office.com\/de\/#website\"},\"datePublished\":\"2021-04-28T05:04:19+00:00\",\"dateModified\":\"2025-03-07T08:23:32+00:00\",\"description\":\"Greenoffice. Abfalltren M\u00fclleimers. Recyclingbeh\u00e4ltern. M\u00fclleimer Unternehmen. Abfalltrennl\u00f6sungen. Ihr Abfallmanagement Firmenumgebung.\",\"breadcrumb\":{\"@id\":\"https:\/\/green-office.com\/de\/datenschutzrichtlinie\/#breadcrumb\"},\"inLanguage\":\"de\",\"potentialAction\":[{\"@type\":\"ReadAction\",\"target\":[\"https:\/\/green-office.com\/de\/datenschutzrichtlinie\/\"]}]},{\"@type\":\"BreadcrumbList\",\"@id\":\"https:\/\/green-office.com\/de\/datenschutzrichtlinie\/#breadcrumb\",\"itemListElement\":[{\"@type\":\"ListItem\",\"position\":1,\"name\":\"Greenoffice\",\"item\":\"https:\/\/green-office.com\/de\/\"},{\"@type\":\"ListItem\",\"position\":2,\"name\":\"Datenschutzrichtlinie\"}]},{\"@type\":\"WebSite\",\"@id\":\"https:\/\/green-office.com\/de\/#website\",\"url\":\"https:\/\/green-office.com\/de\/\",\"name\":\"Greenoffice\",\"description\":\"BE MORE GREEN\",\"publisher\":{\"@id\":\"https:\/\/green-office.com\/de\/#organization\"},\"potentialAction\":[{\"@type\":\"SearchAction\",\"target\":{\"@type\":\"EntryPoint\",\"urlTemplate\":\"https:\/\/green-office.com\/de\/?s={search_term_string}\"},\"query-input\":{\"@type\":\"PropertyValueSpecification\",\"valueRequired\":true,\"valueName\":\"search_term_string\"}}],\"inLanguage\":\"de\"},{\"@type\":\"Organization\",\"@id\":\"https:\/\/green-office.com\/de\/#organization\",\"name\":\"Green Office\",\"url\":\"https:\/\/green-office.com\/de\/\",\"logo\":{\"@type\":\"ImageObject\",\"inLanguage\":\"de\",\"@id\":\"https:\/\/green-office.com\/de\/#\/schema\/logo\/image\/\",\"url\":\"https:\/\/green-office.com\/wp-content\/uploads\/2023\/12\/Logo-GO-noir-jaune.svg\",\"contentUrl\":\"https:\/\/green-office.com\/wp-content\/uploads\/2023\/12\/Logo-GO-noir-jaune.svg\",\"width\":337,\"height\":375,\"caption\":\"Green Office\"},\"image\":{\"@id\":\"https:\/\/green-office.com\/de\/#\/schema\/logo\/image\/\"},\"sameAs\":[\"https:\/\/www.linkedin.com\/company\/greenoffice-international\/\"]}]}<\/script>\n<!-- \/ Yoast SEO plugin. -->","yoast_head_json":{"title":"Datenschutzrichtlinie - Greenoffice B\u00fcros beh\u00e4ltern, BE MORE GREEN","description":"Greenoffice. Abfalltren M\u00fclleimers. Recyclingbeh\u00e4ltern. M\u00fclleimer Unternehmen. Abfalltrennl\u00f6sungen. Ihr Abfallmanagement Firmenumgebung.","robots":{"index":"index","follow":"follow","max-snippet":"max-snippet:-1","max-image-preview":"max-image-preview:large","max-video-preview":"max-video-preview:-1"},"canonical":"https:\/\/green-office.com\/de\/datenschutzrichtlinie\/","og_locale":"de_DE","og_type":"article","og_title":"Datenschutzrichtlinie - Greenoffice, BE MORE GREEN","og_description":"Greenoffice hat diese Datenschutzrichtlinie erstellt, um zu erkl\u00e4ren, wie wir mit Ihren pers\u00f6nlichen Daten umgehen.","og_url":"https:\/\/green-office.com\/de\/datenschutzrichtlinie\/","og_site_name":"Greenoffice","article_modified_time":"2025-03-07T08:23:32+00:00","og_image":[{"width":1200,"height":628,"url":"https:\/\/green-office.com\/wp-content\/uploads\/2021\/06\/greenoffice-seo-image-preview-borne-tri.jpg","type":"image\/jpeg"}],"twitter_card":"summary_large_image","twitter_title":"Datenschutzrichtlinie - Greenoffice, BE MORE GREEN","twitter_description":"Greenoffice hat diese Datenschutzrichtlinie erstellt, um zu erkl\u00e4ren, wie wir mit Ihren pers\u00f6nlichen Daten umgehen.","twitter_image":"https:\/\/green-office.com\/wp-content\/uploads\/2021\/06\/greenoffice-seo-image-preview-borne-tri.jpg","twitter_misc":{"Gesch\u00e4tzte Lesezeit":"4\u00a0Minuten"},"schema":{"@context":"https:\/\/schema.org","@graph":[{"@type":"WebPage","@id":"https:\/\/green-office.com\/de\/datenschutzrichtlinie\/","url":"https:\/\/green-office.com\/de\/datenschutzrichtlinie\/","name":"Datenschutzrichtlinie - Greenoffice B\u00fcros beh\u00e4ltern, BE MORE GREEN","isPartOf":{"@id":"https:\/\/green-office.com\/de\/#website"},"datePublished":"2021-04-28T05:04:19+00:00","dateModified":"2025-03-07T08:23:32+00:00","description":"Greenoffice. Abfalltren M\u00fclleimers. Recyclingbeh\u00e4ltern. M\u00fclleimer Unternehmen. Abfalltrennl\u00f6sungen. Ihr Abfallmanagement Firmenumgebung.","breadcrumb":{"@id":"https:\/\/green-office.com\/de\/datenschutzrichtlinie\/#breadcrumb"},"inLanguage":"de","potentialAction":[{"@type":"ReadAction","target":["https:\/\/green-office.com\/de\/datenschutzrichtlinie\/"]}]},{"@type":"BreadcrumbList","@id":"https:\/\/green-office.com\/de\/datenschutzrichtlinie\/#breadcrumb","itemListElement":[{"@type":"ListItem","position":1,"name":"Greenoffice","item":"https:\/\/green-office.com\/de\/"},{"@type":"ListItem","position":2,"name":"Datenschutzrichtlinie"}]},{"@type":"WebSite","@id":"https:\/\/green-office.com\/de\/#website","url":"https:\/\/green-office.com\/de\/","name":"Greenoffice","description":"BE MORE GREEN","publisher":{"@id":"https:\/\/green-office.com\/de\/#organization"},"potentialAction":[{"@type":"SearchAction","target":{"@type":"EntryPoint","urlTemplate":"https:\/\/green-office.com\/de\/?s={search_term_string}"},"query-input":{"@type":"PropertyValueSpecification","valueRequired":true,"valueName":"search_term_string"}}],"inLanguage":"de"},{"@type":"Organization","@id":"https:\/\/green-office.com\/de\/#organization","name":"Green Office","url":"https:\/\/green-office.com\/de\/","logo":{"@type":"ImageObject","inLanguage":"de","@id":"https:\/\/green-office.com\/de\/#\/schema\/logo\/image\/","url":"https:\/\/green-office.com\/wp-content\/uploads\/2023\/12\/Logo-GO-noir-jaune.svg","contentUrl":"https:\/\/green-office.com\/wp-content\/uploads\/2023\/12\/Logo-GO-noir-jaune.svg","width":337,"height":375,"caption":"Green Office"},"image":{"@id":"https:\/\/green-office.com\/de\/#\/schema\/logo\/image\/"},"sameAs":["https:\/\/www.linkedin.com\/company\/greenoffice-international\/"]}]}},"_links":{"self":[{"href":"https:\/\/green-office.com\/de\/wp-json\/wp\/v2\/pages\/1362"}],"collection":[{"href":"https:\/\/green-office.com\/de\/wp-json\/wp\/v2\/pages"}],"about":[{"href":"https:\/\/green-office.com\/de\/wp-json\/wp\/v2\/types\/page"}],"author":[{"embeddable":true,"href":"https:\/\/green-office.com\/de\/wp-json\/wp\/v2\/users\/14"}],"replies":[{"embeddable":true,"href":"https:\/\/green-office.com\/de\/wp-json\/wp\/v2\/comments?post=1362"}],"version-history":[{"count":1,"href":"https:\/\/green-office.com\/de\/wp-json\/wp\/v2\/pages\/1362\/revisions"}],"predecessor-version":[{"id":14753,"href":"https:\/\/green-office.com\/de\/wp-json\/wp\/v2\/pages\/1362\/revisions\/14753"}],"wp:attachment":[{"href":"https:\/\/green-office.com\/de\/wp-json\/wp\/v2\/media?parent=1362"}],"curies":[{"name":"wp","href":"https:\/\/api.w.org\/{rel}","templated":true}]}}