{"id":16012,"date":"2025-12-12T08:46:09","date_gmt":"2025-12-12T07:46:09","guid":{"rendered":"https:\/\/green-office.com\/page-ultra-de\/"},"modified":"2026-01-05T14:05:45","modified_gmt":"2026-01-05T13:05:45","slug":"ultra-metall-abfalltrenner","status":"publish","type":"page","link":"https:\/\/green-office.com\/de\/ultra-metall-abfalltrenner\/","title":{"rendered":"Page Ultra DE"},"content":{"rendered":"\n<div id=\"ultra-root\"><\/div>\r\n","protected":false},"excerpt":{"rendered":"","protected":false},"author":18,"featured_media":0,"parent":0,"menu_order":0,"comment_status":"closed","ping_status":"closed","template":"page-ultra-react.php.php","meta":{"_acf_changed":false,"_monsterinsights_skip_tracking":false,"_monsterinsights_sitenote_active":false,"_monsterinsights_sitenote_note":"","_monsterinsights_sitenote_category":0,"footnotes":""},"acf":[],"yoast_head":"<!-- This site is optimized with the Yoast SEO plugin v23.5 - https:\/\/yoast.com\/wordpress\/plugins\/seo\/ -->\n<title>Metall M\u00fclltrennbeh\u00e4lter f\u00fcr Unternehmen ULTRA<\/title>\n<meta name=\"description\" content=\"Ultra. Der designstarke und langlebige M\u00fclltrennbeh\u00e4lter f\u00fcr Unternehmen. Verbessern Sie Ihr Recycling, erh\u00f6hen Sie die Sauberkeit und st\u00e4rken Sie Ihr CSR Engagement.\" \/>\n<meta name=\"robots\" content=\"index, follow, max-snippet:-1, max-image-preview:large, max-video-preview:-1\" \/>\n<link rel=\"canonical\" href=\"https:\/\/green-office.com\/de\/ultra-metall-abfalltrenner\/\" \/>\n<meta property=\"og:locale\" content=\"de_DE\" \/>\n<meta property=\"og:type\" content=\"article\" \/>\n<meta property=\"og:title\" content=\"Metall M\u00fclltrennbeh\u00e4lter f\u00fcr Unternehmen ULTRA\" \/>\n<meta property=\"og:description\" content=\"Ultra. Der designstarke und langlebige M\u00fclltrennbeh\u00e4lter f\u00fcr Unternehmen. Verbessern Sie Ihr Recycling, erh\u00f6hen Sie die Sauberkeit und st\u00e4rken Sie Ihr CSR Engagement.\" \/>\n<meta property=\"og:url\" content=\"https:\/\/green-office.com\/de\/ultra-metall-abfalltrenner\/\" \/>\n<meta property=\"og:site_name\" content=\"Greenoffice\" \/>\n<meta property=\"article:modified_time\" content=\"2026-01-05T13:05:45+00:00\" \/>\n<meta property=\"og:image\" content=\"https:\/\/green-office.com\/wp-content\/uploads\/2021\/06\/greenoffice-borne-tri-recycle-poubelle.jpg\" \/>\n\t<meta property=\"og:image:width\" content=\"1200\" \/>\n\t<meta property=\"og:image:height\" content=\"628\" \/>\n\t<meta property=\"og:image:type\" content=\"image\/jpeg\" \/>\n<meta name=\"twitter:card\" content=\"summary_large_image\" \/>\n<script type=\"application\/ld+json\" class=\"yoast-schema-graph\">{\"@context\":\"https:\/\/schema.org\",\"@graph\":[{\"@type\":\"WebPage\",\"@id\":\"https:\/\/green-office.com\/de\/ultra-metall-abfalltrenner\/\",\"url\":\"https:\/\/green-office.com\/de\/ultra-metall-abfalltrenner\/\",\"name\":\"Metall M\u00fclltrennbeh\u00e4lter f\u00fcr Unternehmen ULTRA\",\"isPartOf\":{\"@id\":\"https:\/\/green-office.com\/de\/#website\"},\"datePublished\":\"2025-12-12T07:46:09+00:00\",\"dateModified\":\"2026-01-05T13:05:45+00:00\",\"description\":\"Ultra. Der designstarke und langlebige M\u00fclltrennbeh\u00e4lter f\u00fcr Unternehmen. Verbessern Sie Ihr Recycling, erh\u00f6hen Sie die Sauberkeit und st\u00e4rken Sie Ihr CSR Engagement.\",\"breadcrumb\":{\"@id\":\"https:\/\/green-office.com\/de\/ultra-metall-abfalltrenner\/#breadcrumb\"},\"inLanguage\":\"de\",\"potentialAction\":[{\"@type\":\"ReadAction\",\"target\":[\"https:\/\/green-office.com\/de\/ultra-metall-abfalltrenner\/\"]}]},{\"@type\":\"BreadcrumbList\",\"@id\":\"https:\/\/green-office.com\/de\/ultra-metall-abfalltrenner\/#breadcrumb\",\"itemListElement\":[{\"@type\":\"ListItem\",\"position\":1,\"name\":\"Greenoffice\",\"item\":\"https:\/\/green-office.com\/de\/\"},{\"@type\":\"ListItem\",\"position\":2,\"name\":\"Page Ultra DE\"}]},{\"@type\":\"WebSite\",\"@id\":\"https:\/\/green-office.com\/de\/#website\",\"url\":\"https:\/\/green-office.com\/de\/\",\"name\":\"Greenoffice\",\"description\":\"BE MORE GREEN\",\"publisher\":{\"@id\":\"https:\/\/green-office.com\/de\/#organization\"},\"potentialAction\":[{\"@type\":\"SearchAction\",\"target\":{\"@type\":\"EntryPoint\",\"urlTemplate\":\"https:\/\/green-office.com\/de\/?s={search_term_string}\"},\"query-input\":{\"@type\":\"PropertyValueSpecification\",\"valueRequired\":true,\"valueName\":\"search_term_string\"}}],\"inLanguage\":\"de\"},{\"@type\":\"Organization\",\"@id\":\"https:\/\/green-office.com\/de\/#organization\",\"name\":\"Green Office\",\"url\":\"https:\/\/green-office.com\/de\/\",\"logo\":{\"@type\":\"ImageObject\",\"inLanguage\":\"de\",\"@id\":\"https:\/\/green-office.com\/de\/#\/schema\/logo\/image\/\",\"url\":\"https:\/\/green-office.com\/wp-content\/uploads\/2023\/12\/Logo-GO-noir-jaune.svg\",\"contentUrl\":\"https:\/\/green-office.com\/wp-content\/uploads\/2023\/12\/Logo-GO-noir-jaune.svg\",\"width\":337,\"height\":375,\"caption\":\"Green Office\"},\"image\":{\"@id\":\"https:\/\/green-office.com\/de\/#\/schema\/logo\/image\/\"},\"sameAs\":[\"https:\/\/www.linkedin.com\/company\/greenoffice-international\/\"]}]}<\/script>\n<!-- \/ Yoast SEO plugin. -->","yoast_head_json":{"title":"Metall M\u00fclltrennbeh\u00e4lter f\u00fcr Unternehmen ULTRA","description":"Ultra. Der designstarke und langlebige M\u00fclltrennbeh\u00e4lter f\u00fcr Unternehmen. Verbessern Sie Ihr Recycling, erh\u00f6hen Sie die Sauberkeit und st\u00e4rken Sie Ihr CSR Engagement.","robots":{"index":"index","follow":"follow","max-snippet":"max-snippet:-1","max-image-preview":"max-image-preview:large","max-video-preview":"max-video-preview:-1"},"canonical":"https:\/\/green-office.com\/de\/ultra-metall-abfalltrenner\/","og_locale":"de_DE","og_type":"article","og_title":"Metall M\u00fclltrennbeh\u00e4lter f\u00fcr Unternehmen ULTRA","og_description":"Ultra. Der designstarke und langlebige M\u00fclltrennbeh\u00e4lter f\u00fcr Unternehmen. Verbessern Sie Ihr Recycling, erh\u00f6hen Sie die Sauberkeit und st\u00e4rken Sie Ihr CSR Engagement.","og_url":"https:\/\/green-office.com\/de\/ultra-metall-abfalltrenner\/","og_site_name":"Greenoffice","article_modified_time":"2026-01-05T13:05:45+00:00","og_image":[{"width":1200,"height":628,"url":"https:\/\/green-office.com\/wp-content\/uploads\/2021\/06\/greenoffice-borne-tri-recycle-poubelle.jpg","type":"image\/jpeg"}],"twitter_card":"summary_large_image","schema":{"@context":"https:\/\/schema.org","@graph":[{"@type":"WebPage","@id":"https:\/\/green-office.com\/de\/ultra-metall-abfalltrenner\/","url":"https:\/\/green-office.com\/de\/ultra-metall-abfalltrenner\/","name":"Metall M\u00fclltrennbeh\u00e4lter f\u00fcr Unternehmen ULTRA","isPartOf":{"@id":"https:\/\/green-office.com\/de\/#website"},"datePublished":"2025-12-12T07:46:09+00:00","dateModified":"2026-01-05T13:05:45+00:00","description":"Ultra. Der designstarke und langlebige M\u00fclltrennbeh\u00e4lter f\u00fcr Unternehmen. Verbessern Sie Ihr Recycling, erh\u00f6hen Sie die Sauberkeit und st\u00e4rken Sie Ihr CSR Engagement.","breadcrumb":{"@id":"https:\/\/green-office.com\/de\/ultra-metall-abfalltrenner\/#breadcrumb"},"inLanguage":"de","potentialAction":[{"@type":"ReadAction","target":["https:\/\/green-office.com\/de\/ultra-metall-abfalltrenner\/"]}]},{"@type":"BreadcrumbList","@id":"https:\/\/green-office.com\/de\/ultra-metall-abfalltrenner\/#breadcrumb","itemListElement":[{"@type":"ListItem","position":1,"name":"Greenoffice","item":"https:\/\/green-office.com\/de\/"},{"@type":"ListItem","position":2,"name":"Page Ultra DE"}]},{"@type":"WebSite","@id":"https:\/\/green-office.com\/de\/#website","url":"https:\/\/green-office.com\/de\/","name":"Greenoffice","description":"BE MORE GREEN","publisher":{"@id":"https:\/\/green-office.com\/de\/#organization"},"potentialAction":[{"@type":"SearchAction","target":{"@type":"EntryPoint","urlTemplate":"https:\/\/green-office.com\/de\/?s={search_term_string}"},"query-input":{"@type":"PropertyValueSpecification","valueRequired":true,"valueName":"search_term_string"}}],"inLanguage":"de"},{"@type":"Organization","@id":"https:\/\/green-office.com\/de\/#organization","name":"Green Office","url":"https:\/\/green-office.com\/de\/","logo":{"@type":"ImageObject","inLanguage":"de","@id":"https:\/\/green-office.com\/de\/#\/schema\/logo\/image\/","url":"https:\/\/green-office.com\/wp-content\/uploads\/2023\/12\/Logo-GO-noir-jaune.svg","contentUrl":"https:\/\/green-office.com\/wp-content\/uploads\/2023\/12\/Logo-GO-noir-jaune.svg","width":337,"height":375,"caption":"Green Office"},"image":{"@id":"https:\/\/green-office.com\/de\/#\/schema\/logo\/image\/"},"sameAs":["https:\/\/www.linkedin.com\/company\/greenoffice-international\/"]}]}},"_links":{"self":[{"href":"https:\/\/green-office.com\/de\/wp-json\/wp\/v2\/pages\/16012"}],"collection":[{"href":"https:\/\/green-office.com\/de\/wp-json\/wp\/v2\/pages"}],"about":[{"href":"https:\/\/green-office.com\/de\/wp-json\/wp\/v2\/types\/page"}],"author":[{"embeddable":true,"href":"https:\/\/green-office.com\/de\/wp-json\/wp\/v2\/users\/18"}],"replies":[{"embeddable":true,"href":"https:\/\/green-office.com\/de\/wp-json\/wp\/v2\/comments?post=16012"}],"version-history":[{"count":3,"href":"https:\/\/green-office.com\/de\/wp-json\/wp\/v2\/pages\/16012\/revisions"}],"predecessor-version":[{"id":16015,"href":"https:\/\/green-office.com\/de\/wp-json\/wp\/v2\/pages\/16012\/revisions\/16015"}],"wp:attachment":[{"href":"https:\/\/green-office.com\/de\/wp-json\/wp\/v2\/media?parent=16012"}],"curies":[{"name":"wp","href":"https:\/\/api.w.org\/{rel}","templated":true}]}}