{"id":1346,"date":"2021-04-28T13:55:22","date_gmt":"2021-04-28T11:55:22","guid":{"rendered":"https:\/\/greenoffice-back.wow-digital.com\/conditions-generales-de-vente\/"},"modified":"2022-01-06T13:17:00","modified_gmt":"2022-01-06T11:17:00","slug":"algemene-verkoopvoorwaarden","status":"publish","type":"page","link":"https:\/\/green-office.com\/nl\/algemene-verkoopvoorwaarden\/","title":{"rendered":"Algemene verkoopsvoorwaarden"},"content":{"rendered":"\n<div class=\"wp-block-columns is-layout-flex wp-container-core-columns-is-layout-1 wp-block-columns-is-layout-flex\">\n<div class=\"wp-block-column is-layout-flow wp-block-column-is-layout-flow\">\n<figure class=\"wp-block-image size-large\"><img fetchpriority=\"high\" decoding=\"async\" width=\"851\" height=\"1024\" src=\"https:\/\/green-office.com\/wp-content\/uploads\/2021\/06\/greenoffice-condition-generale-de-vente-recycle-851x1024.jpg\" alt=\"greenoffice-beheer-van-bedrijfsafval\" class=\"wp-image-1800\" srcset=\"https:\/\/green-office.com\/wp-content\/uploads\/2021\/06\/greenoffice-condition-generale-de-vente-recycle-851x1024.jpg 851w, https:\/\/green-office.com\/wp-content\/uploads\/2021\/06\/greenoffice-condition-generale-de-vente-recycle-249x300.jpg 249w, https:\/\/green-office.com\/wp-content\/uploads\/2021\/06\/greenoffice-condition-generale-de-vente-recycle-768x924.jpg 768w, https:\/\/green-office.com\/wp-content\/uploads\/2021\/06\/greenoffice-condition-generale-de-vente-recycle.jpg 986w\" sizes=\"(max-width: 851px) 100vw, 851px\" \/><\/figure>\n<\/div>\n\n\n\n<div class=\"wp-block-column is-layout-flow wp-block-column-is-layout-flow\">\n<h2 class=\"wp-block-heading\">Producten:<\/h2>\n\n\n\n<p>Alle producten die voorgesteld worden op de website <a href=\"http:\/\/www.green-office.com\">www.green-office.com<\/a> zijn bedoeld voor professionals. De teksten en afbeeldingen met producten zijn niet contractueel.<\/p>\n\n\n\n<h2 class=\"wp-block-heading\">Bestelling:<\/h2>\n\n\n\n<p>Alle bestellingen die bij Greenoffice geplaatst worden, worden door Greenoffice uitgevoerd zodra de bestelling door onze diensten aanvaard werd en rekening houdend met de beschikbare voorraden. Indien het product niet verkrijgbaar is, verbindt de detailhandelaar of distributeur zich ertoe om de klant hiervan zo snel mogelijk op de hoogte te stellen en een oplossing voor te stellen die voldoet aan zijn wensen.<\/p>\n<\/div>\n<\/div>\n\n\n\n<h2 class=\"wp-block-heading\">Levering en transport:<\/h2>\n\n\n\n<p>Greenoffice verbindt zich ertoe om bestellingen te leveren op het leveringsadres en binnen de termijn zoals vermeld op de bestelbon.<\/p>\n\n\n\n<p>In bijzondere gevallen (ontoereikende voorraad, speciale producten,&#8230;) kan Greenofficelangere leveringstermijnen hanteren. In dergelijke gevallen wordt de klant op voorhand verwittigd. Een vertraagde levering kan geen reden zijn voor een schadevergoeding of om de lopende bestelling in te trekken of te annuleren. De vastgelegde leveringstermijnen zijn gemiddelde termijnen voor levering in Europees Frankrijk.<\/p>\n\n\n\n<p>Voor de leveringskosten wordt een specifieke offerte opgemaakt. Indien u meer informatie wenst, mag u steeds contact opnemen met onze verkoopdienst via <a href=\"http:\/\/xn--%3Ca%20href%3Dtel-ty9h:+33140871000%E2%80%9D<\/a%3E\">01 40 87 10 00<\/a> of <a href=\"mailto:contact@green-office.fr\">contact@green-office.fr<\/a>.<\/p>\n\n\n\n<p>Indien de bestelling niet volledig in voorraad is, wordt deze in delen geleverd.<\/p>\n\n\n\n<p>Wanneer de levering gebeurt door een transportbedrijf, dient de klant in geval van schade of ontbrekende producten onmiddellijk alle noodzakelijke vaststellingen kenbaar <strong><u>te<\/u><\/strong> maken op de transportdocumenten. Deze opmerkingen zullen moeten verstuurd worden per aangetekende brief met ontvangstbevestiging naar Greenoffice binnen de drie dagen nadat hij de goederen in ontvangst genomen heeft (art. L133-3 van de Franse handelswet). Indien de bestemmeling deze bepaling niet naleeft, kan hij aansprakelijk gesteld worden. In ieder geval worden de risico\u2019s op verlies of waardevermindering van de producten en materialen overgedragen aan de klant zodra ze het magazijn van Greenoffice verlaten hebben.<\/p>\n\n\n\n<div class=\"wp-block-columns is-layout-flex wp-container-core-columns-is-layout-2 wp-block-columns-is-layout-flex\">\n<div class=\"wp-block-column is-layout-flow wp-block-column-is-layout-flow\">\n<h2 class=\"wp-block-heading\">Garantie:<\/h2>\n\n\n\n<p>Op alle materialen en producten geldt een garantie van \u00e9\u00e9n jaar vanaf de datum van ontvangst door de klant in geval van fabricage- of materiaalfouten. De garantie is beperkt tot de vervanging of de reparatie van het materiaal dat als gebrekkig erkend is, met uitzondering van verbruiksgoederen en toebehoren. Bij herstel of vervanging van een product wordt de garantie op het product niet verlengd.<\/p>\n\n\n\n<h2 class=\"wp-block-heading\">De garantie is enkel geldig wanneer:<\/h2>\n\n\n\n<p>Greenoffice van de problemen op de hoogte gesteld is binnen 72 uur na vaststelling, Greenoffice bevestigt dat het product gebreken vertoont, De klant zelf of via een derde niets veranderd heeft aan het product. In elk geval dekt de garantie geen normale slijtage van het materiaal, waardevermindering, schade wegens nalatigheid, gebrekkige controle, gebrekkig onderhoud van het materiaal, gebrekkige installatie of installatie zonder inachtneming van de aanbevelingen van de verkoper.<\/p>\n<\/div>\n\n\n\n<div class=\"wp-block-column is-layout-flow wp-block-column-is-layout-flow\">\n<figure class=\"wp-block-image size-large\"><img decoding=\"async\" width=\"851\" height=\"1024\" src=\"https:\/\/green-office.com\/wp-content\/uploads\/2021\/06\/green-office-condition-generale-de-vente-recycle-green-851x1024.jpg\" alt=\"green-office-sortier-afvalbakken\" class=\"wp-image-1805\" srcset=\"https:\/\/green-office.com\/wp-content\/uploads\/2021\/06\/green-office-condition-generale-de-vente-recycle-green-851x1024.jpg 851w, https:\/\/green-office.com\/wp-content\/uploads\/2021\/06\/green-office-condition-generale-de-vente-recycle-green-249x300.jpg 249w, https:\/\/green-office.com\/wp-content\/uploads\/2021\/06\/green-office-condition-generale-de-vente-recycle-green-768x924.jpg 768w, https:\/\/green-office.com\/wp-content\/uploads\/2021\/06\/green-office-condition-generale-de-vente-recycle-green.jpg 986w\" sizes=\"(max-width: 851px) 100vw, 851px\" \/><\/figure>\n<\/div>\n<\/div>\n\n\n\n<h2 class=\"wp-block-heading\">Dienstverlening na aankoop:<\/h2>\n\n\n\n<p>Greenoffice staat in voor de dienstverlening na aankoop. Voor reparaties die niet meer onder de garantie vallen, wordt een offerte opgemaakt. Zij worden pas uitgevoerd na uitdrukkelijke goedkeuring van de klant, die de offerte ondertekend terugbezorgt. De kosten voor verzending van het defecte product naar de werkplaats zijn steeds voor rekening van de verzender.<\/p>\n\n\n\n<h2 class=\"wp-block-heading\">Aansprakelijkheden:<\/h2>\n\n\n\n<p>De materialen en producten die op de website voorgesteld worden, stemmen overeen met de geldende Franse wetgeving. Indien een bestelling voor het buitenland bestemd is, moet de klant zelf eerst nagaan of de producten overeenstemmen met de geldende wetgeving. De klant moet zich met name bij de lokale overheden informeren over eventuele importbeperkingen of gebruiksvoorwaarden die gelden voor de bestelde producten.<\/p>\n\n\n\n<p>In elk geval kan Greenoffice niet aansprakelijk gesteld worden voor de gevolgen veroorzaakt door zijn materiaal aan andere goederen en\/of voor eventuele directe of indirecte schade.<\/p>\n\n\n\n<h2 class=\"wp-block-heading\">Prijzen:<\/h2>\n\n\n\n<p>Prijzen moeten opgevraagd worden via e-mail op <a href=\"mailto:contact@green-office.fr\">contact@green-office.fr<\/a> of bij onze verkoopdienst op het nummer <a href=\"http:\/\/xn--%3Ca%20href%3Dtel-ty9h:+33140871000%E2%80%9D<\/a%3E\">01 40 87 10 00<\/a>. De prijzen zijn gegarandeerd tot de vermelde geldigheidsdatum op de offerte. Alle prijzen zijn exclusief belastingen (en exclusief TGAP) en leveringskosten, tenzij anders vermeld.<\/p>\n\n\n\n<p>Facturen dienen via overschrijving of bankcheque betaald te zijn binnen de termijn die op de factuur vermeld staat, en binnen een termijn van 45 dagen voor betalingen via administratieve overschrijving.<\/p>\n\n\n\n<p>Elk bedrag dat niet betaald is op de vervaldag leidt tot:<\/p>\n\n\n\n<p>De betaling van vertragingsrentes tegen een rentevoet die gelijk is aan anderhalve keer de wettelijke rentevoet. Deze rentes beginnen te lopen vanaf de datum van de eerste dag na de vervaldag totdat de betaling ontvangen werd, De onmiddellijke invorderbaarheid van alle nog openstaande en niet-vervallen facturen, De opschorting of annulering (naar keuze door Greenoffice) van alle lopende bestellingen.<\/p>\n\n\n\n<h2 class=\"wp-block-heading\">Wet op de informatica en vrijheden:<\/h2>\n\n\n\n<p>Conform aan de Franse wet van 6 januari 1978 heeft de klant het recht om zijn persoonsgegevens te raadplegen, te corrigeren en er bezwaar tegen te maken. De klant kan schriftelijk verzoeken dat zijn gegevens geschrapt worden uit het bestand en\/of niet aan derden doorgegeven worden.<\/p>\n\n\n\n<h2 class=\"wp-block-heading\">Eigendomsvoorbehoud:<\/h2>\n\n\n\n<p>Er wordt uitdrukkelijk overeengekomen dat Greenoffice de volledige en exclusieve eigendom van het verkochte goed behoudt totdat de prijs voor dat goed volledig betaald is. Wissels of andere titels die een betaalverplichting inhouden, worden niet beschouwd als betalingen.<\/p>\n","protected":false},"excerpt":{"rendered":"<p>Producten: Alle producten die voorgesteld worden op de website www.green-office.com zijn bedoeld voor professionals. De teksten en afbeeldingen met producten zijn niet contractueel. Bestelling: Alle bestellingen die bij Greenoffice geplaatst worden, worden door Greenoffice uitgevoerd zodra de bestelling door onze diensten aanvaard werd en rekening houdend met de beschikbare voorraden. Indien het product niet verkrijgbaar&hellip; <a class=\"more-link\" href=\"https:\/\/green-office.com\/nl\/algemene-verkoopvoorwaarden\/\">Continue reading <span class=\"screen-reader-text\">Algemene verkoopsvoorwaarden<\/span><\/a><\/p>\n","protected":false},"author":14,"featured_media":0,"parent":0,"menu_order":5,"comment_status":"closed","ping_status":"closed","template":"templates\/cgv.php","meta":{"_acf_changed":false,"_monsterinsights_skip_tracking":false,"_monsterinsights_sitenote_active":false,"_monsterinsights_sitenote_note":"","_monsterinsights_sitenote_category":0,"footnotes":""},"acf":[],"yoast_head":"<!-- This site is optimized with the Yoast SEO plugin v23.5 - https:\/\/yoast.com\/wordpress\/plugins\/seo\/ -->\n<title>Algemene verkoopsvoorwaarden - Greenoffice Sortierbeh\u00e4ltern , BE MORE GREEN<\/title>\n<meta name=\"description\" content=\"Greenoffice. Sortier afvalbakken. Recycling beh\u00e4ltern. Bedrijfsafvalbak. Burelen afvalbak. Sortierbeh\u00e4ltern. Beheer van bedrijfsafval.\" \/>\n<meta name=\"robots\" content=\"index, follow, max-snippet:-1, max-image-preview:large, max-video-preview:-1\" \/>\n<link rel=\"canonical\" href=\"https:\/\/green-office.com\/nl\/algemene-verkoopvoorwaarden\/\" \/>\n<meta property=\"og:locale\" content=\"nl_NL\" \/>\n<meta property=\"og:type\" content=\"article\" \/>\n<meta property=\"og:title\" content=\"Algemene verkoopvoorwaarden - Greenoffice, BE MORE GREEN\" \/>\n<meta property=\"og:description\" content=\"Elke verkoop die plaatsvindt met Green Office impliceert automatisch dat de koper akkoord gaat met de onderhavige verkoopvoorwaarden.\" \/>\n<meta property=\"og:url\" content=\"https:\/\/green-office.com\/nl\/algemene-verkoopvoorwaarden\/\" \/>\n<meta property=\"og:site_name\" content=\"Greenoffice\" \/>\n<meta property=\"article:modified_time\" content=\"2022-01-06T11:17:00+00:00\" \/>\n<meta property=\"og:image\" content=\"https:\/\/green-office.com\/wp-content\/uploads\/2021\/06\/greenoffice-seo-image-preview-borne-tri.jpg\" \/>\n\t<meta property=\"og:image:width\" content=\"1200\" \/>\n\t<meta property=\"og:image:height\" content=\"628\" \/>\n\t<meta property=\"og:image:type\" content=\"image\/jpeg\" \/>\n<meta name=\"twitter:card\" content=\"summary_large_image\" \/>\n<meta name=\"twitter:title\" content=\"Algemene verkoopvoorwaarden - Greenoffice, BE MORE GREEN\" \/>\n<meta name=\"twitter:description\" content=\"Elke verkoop die plaatsvindt met Green Office impliceert automatisch dat de koper akkoord gaat met de onderhavige verkoopvoorwaarden.\" \/>\n<meta name=\"twitter:image\" content=\"https:\/\/green-office.com\/wp-content\/uploads\/2021\/06\/greenoffice-seo-image-preview-borne-tri.jpg\" \/>\n<meta name=\"twitter:label1\" content=\"Geschatte leestijd\" \/>\n\t<meta name=\"twitter:data1\" content=\"4 minuten\" \/>\n<script type=\"application\/ld+json\" class=\"yoast-schema-graph\">{\"@context\":\"https:\/\/schema.org\",\"@graph\":[{\"@type\":\"WebPage\",\"@id\":\"https:\/\/green-office.com\/nl\/algemene-verkoopvoorwaarden\/\",\"url\":\"https:\/\/green-office.com\/nl\/algemene-verkoopvoorwaarden\/\",\"name\":\"Algemene verkoopsvoorwaarden - Greenoffice Sortierbeh\u00e4ltern , BE MORE GREEN\",\"isPartOf\":{\"@id\":\"https:\/\/green-office.com\/nl\/#website\"},\"primaryImageOfPage\":{\"@id\":\"https:\/\/green-office.com\/nl\/algemene-verkoopvoorwaarden\/#primaryimage\"},\"image\":{\"@id\":\"https:\/\/green-office.com\/nl\/algemene-verkoopvoorwaarden\/#primaryimage\"},\"thumbnailUrl\":\"https:\/\/green-office.com\/wp-content\/uploads\/2021\/06\/greenoffice-condition-generale-de-vente-recycle-851x1024.jpg\",\"datePublished\":\"2021-04-28T11:55:22+00:00\",\"dateModified\":\"2022-01-06T11:17:00+00:00\",\"description\":\"Greenoffice. Sortier afvalbakken. Recycling beh\u00e4ltern. Bedrijfsafvalbak. Burelen afvalbak. Sortierbeh\u00e4ltern. Beheer van bedrijfsafval.\",\"breadcrumb\":{\"@id\":\"https:\/\/green-office.com\/nl\/algemene-verkoopvoorwaarden\/#breadcrumb\"},\"inLanguage\":\"nl-NL\",\"potentialAction\":[{\"@type\":\"ReadAction\",\"target\":[\"https:\/\/green-office.com\/nl\/algemene-verkoopvoorwaarden\/\"]}]},{\"@type\":\"ImageObject\",\"inLanguage\":\"nl-NL\",\"@id\":\"https:\/\/green-office.com\/nl\/algemene-verkoopvoorwaarden\/#primaryimage\",\"url\":\"https:\/\/green-office.com\/wp-content\/uploads\/2021\/06\/greenoffice-condition-generale-de-vente-recycle-851x1024.jpg\",\"contentUrl\":\"https:\/\/green-office.com\/wp-content\/uploads\/2021\/06\/greenoffice-condition-generale-de-vente-recycle-851x1024.jpg\"},{\"@type\":\"BreadcrumbList\",\"@id\":\"https:\/\/green-office.com\/nl\/algemene-verkoopvoorwaarden\/#breadcrumb\",\"itemListElement\":[{\"@type\":\"ListItem\",\"position\":1,\"name\":\"Greenoffice\",\"item\":\"https:\/\/green-office.com\/nl\/\"},{\"@type\":\"ListItem\",\"position\":2,\"name\":\"Algemene verkoopsvoorwaarden\"}]},{\"@type\":\"WebSite\",\"@id\":\"https:\/\/green-office.com\/nl\/#website\",\"url\":\"https:\/\/green-office.com\/nl\/\",\"name\":\"Greenoffice\",\"description\":\"BE MORE GREEN\",\"publisher\":{\"@id\":\"https:\/\/green-office.com\/nl\/#organization\"},\"potentialAction\":[{\"@type\":\"SearchAction\",\"target\":{\"@type\":\"EntryPoint\",\"urlTemplate\":\"https:\/\/green-office.com\/nl\/?s={search_term_string}\"},\"query-input\":{\"@type\":\"PropertyValueSpecification\",\"valueRequired\":true,\"valueName\":\"search_term_string\"}}],\"inLanguage\":\"nl-NL\"},{\"@type\":\"Organization\",\"@id\":\"https:\/\/green-office.com\/nl\/#organization\",\"name\":\"Green Office\",\"url\":\"https:\/\/green-office.com\/nl\/\",\"logo\":{\"@type\":\"ImageObject\",\"inLanguage\":\"nl-NL\",\"@id\":\"https:\/\/green-office.com\/nl\/#\/schema\/logo\/image\/\",\"url\":\"https:\/\/green-office.com\/wp-content\/uploads\/2023\/12\/Logo-GO-noir-jaune.svg\",\"contentUrl\":\"https:\/\/green-office.com\/wp-content\/uploads\/2023\/12\/Logo-GO-noir-jaune.svg\",\"width\":337,\"height\":375,\"caption\":\"Green Office\"},\"image\":{\"@id\":\"https:\/\/green-office.com\/nl\/#\/schema\/logo\/image\/\"},\"sameAs\":[\"https:\/\/www.linkedin.com\/company\/greenoffice-international\/\"]}]}<\/script>\n<!-- \/ Yoast SEO plugin. -->","yoast_head_json":{"title":"Algemene verkoopsvoorwaarden - Greenoffice Sortierbeh\u00e4ltern , BE MORE GREEN","description":"Greenoffice. Sortier afvalbakken. Recycling beh\u00e4ltern. Bedrijfsafvalbak. Burelen afvalbak. Sortierbeh\u00e4ltern. Beheer van bedrijfsafval.","robots":{"index":"index","follow":"follow","max-snippet":"max-snippet:-1","max-image-preview":"max-image-preview:large","max-video-preview":"max-video-preview:-1"},"canonical":"https:\/\/green-office.com\/nl\/algemene-verkoopvoorwaarden\/","og_locale":"nl_NL","og_type":"article","og_title":"Algemene verkoopvoorwaarden - Greenoffice, BE MORE GREEN","og_description":"Elke verkoop die plaatsvindt met Green Office impliceert automatisch dat de koper akkoord gaat met de onderhavige verkoopvoorwaarden.","og_url":"https:\/\/green-office.com\/nl\/algemene-verkoopvoorwaarden\/","og_site_name":"Greenoffice","article_modified_time":"2022-01-06T11:17:00+00:00","og_image":[{"width":1200,"height":628,"url":"https:\/\/green-office.com\/wp-content\/uploads\/2021\/06\/greenoffice-seo-image-preview-borne-tri.jpg","type":"image\/jpeg"}],"twitter_card":"summary_large_image","twitter_title":"Algemene verkoopvoorwaarden - Greenoffice, BE MORE GREEN","twitter_description":"Elke verkoop die plaatsvindt met Green Office impliceert automatisch dat de koper akkoord gaat met de onderhavige verkoopvoorwaarden.","twitter_image":"https:\/\/green-office.com\/wp-content\/uploads\/2021\/06\/greenoffice-seo-image-preview-borne-tri.jpg","twitter_misc":{"Geschatte leestijd":"4 minuten"},"schema":{"@context":"https:\/\/schema.org","@graph":[{"@type":"WebPage","@id":"https:\/\/green-office.com\/nl\/algemene-verkoopvoorwaarden\/","url":"https:\/\/green-office.com\/nl\/algemene-verkoopvoorwaarden\/","name":"Algemene verkoopsvoorwaarden - Greenoffice Sortierbeh\u00e4ltern , BE MORE GREEN","isPartOf":{"@id":"https:\/\/green-office.com\/nl\/#website"},"primaryImageOfPage":{"@id":"https:\/\/green-office.com\/nl\/algemene-verkoopvoorwaarden\/#primaryimage"},"image":{"@id":"https:\/\/green-office.com\/nl\/algemene-verkoopvoorwaarden\/#primaryimage"},"thumbnailUrl":"https:\/\/green-office.com\/wp-content\/uploads\/2021\/06\/greenoffice-condition-generale-de-vente-recycle-851x1024.jpg","datePublished":"2021-04-28T11:55:22+00:00","dateModified":"2022-01-06T11:17:00+00:00","description":"Greenoffice. Sortier afvalbakken. Recycling beh\u00e4ltern. Bedrijfsafvalbak. Burelen afvalbak. Sortierbeh\u00e4ltern. Beheer van bedrijfsafval.","breadcrumb":{"@id":"https:\/\/green-office.com\/nl\/algemene-verkoopvoorwaarden\/#breadcrumb"},"inLanguage":"nl-NL","potentialAction":[{"@type":"ReadAction","target":["https:\/\/green-office.com\/nl\/algemene-verkoopvoorwaarden\/"]}]},{"@type":"ImageObject","inLanguage":"nl-NL","@id":"https:\/\/green-office.com\/nl\/algemene-verkoopvoorwaarden\/#primaryimage","url":"https:\/\/green-office.com\/wp-content\/uploads\/2021\/06\/greenoffice-condition-generale-de-vente-recycle-851x1024.jpg","contentUrl":"https:\/\/green-office.com\/wp-content\/uploads\/2021\/06\/greenoffice-condition-generale-de-vente-recycle-851x1024.jpg"},{"@type":"BreadcrumbList","@id":"https:\/\/green-office.com\/nl\/algemene-verkoopvoorwaarden\/#breadcrumb","itemListElement":[{"@type":"ListItem","position":1,"name":"Greenoffice","item":"https:\/\/green-office.com\/nl\/"},{"@type":"ListItem","position":2,"name":"Algemene verkoopsvoorwaarden"}]},{"@type":"WebSite","@id":"https:\/\/green-office.com\/nl\/#website","url":"https:\/\/green-office.com\/nl\/","name":"Greenoffice","description":"BE MORE GREEN","publisher":{"@id":"https:\/\/green-office.com\/nl\/#organization"},"potentialAction":[{"@type":"SearchAction","target":{"@type":"EntryPoint","urlTemplate":"https:\/\/green-office.com\/nl\/?s={search_term_string}"},"query-input":{"@type":"PropertyValueSpecification","valueRequired":true,"valueName":"search_term_string"}}],"inLanguage":"nl-NL"},{"@type":"Organization","@id":"https:\/\/green-office.com\/nl\/#organization","name":"Green Office","url":"https:\/\/green-office.com\/nl\/","logo":{"@type":"ImageObject","inLanguage":"nl-NL","@id":"https:\/\/green-office.com\/nl\/#\/schema\/logo\/image\/","url":"https:\/\/green-office.com\/wp-content\/uploads\/2023\/12\/Logo-GO-noir-jaune.svg","contentUrl":"https:\/\/green-office.com\/wp-content\/uploads\/2023\/12\/Logo-GO-noir-jaune.svg","width":337,"height":375,"caption":"Green Office"},"image":{"@id":"https:\/\/green-office.com\/nl\/#\/schema\/logo\/image\/"},"sameAs":["https:\/\/www.linkedin.com\/company\/greenoffice-international\/"]}]}},"_links":{"self":[{"href":"https:\/\/green-office.com\/nl\/wp-json\/wp\/v2\/pages\/1346"}],"collection":[{"href":"https:\/\/green-office.com\/nl\/wp-json\/wp\/v2\/pages"}],"about":[{"href":"https:\/\/green-office.com\/nl\/wp-json\/wp\/v2\/types\/page"}],"author":[{"embeddable":true,"href":"https:\/\/green-office.com\/nl\/wp-json\/wp\/v2\/users\/14"}],"replies":[{"embeddable":true,"href":"https:\/\/green-office.com\/nl\/wp-json\/wp\/v2\/comments?post=1346"}],"version-history":[{"count":0,"href":"https:\/\/green-office.com\/nl\/wp-json\/wp\/v2\/pages\/1346\/revisions"}],"wp:attachment":[{"href":"https:\/\/green-office.com\/nl\/wp-json\/wp\/v2\/media?parent=1346"}],"curies":[{"name":"wp","href":"https:\/\/api.w.org\/{rel}","templated":true}]}}