{"id":1347,"date":"2021-05-26T11:41:51","date_gmt":"2021-05-26T09:41:51","guid":{"rendered":"https:\/\/greenoffice-back.wow-digital.com\/gammes\/"},"modified":"2022-01-06T13:15:38","modified_gmt":"2022-01-06T11:15:38","slug":"gamma","status":"publish","type":"page","link":"https:\/\/green-office.com\/nl\/gamma\/","title":{"rendered":"Gamma"},"content":{"rendered":"","protected":false},"excerpt":{"rendered":"","protected":false},"author":14,"featured_media":0,"parent":0,"menu_order":2,"comment_status":"closed","ping_status":"closed","template":"templates\/products.php","meta":{"_acf_changed":false,"_monsterinsights_skip_tracking":false,"_monsterinsights_sitenote_active":false,"_monsterinsights_sitenote_note":"","_monsterinsights_sitenote_category":0,"footnotes":""},"acf":[],"yoast_head":"<!-- This site is optimized with the Yoast SEO plugin v23.5 - https:\/\/yoast.com\/wordpress\/plugins\/seo\/ -->\n<title>Gamma - Greenoffice Recycling beh\u00e4ltern, BE MORE GREEN<\/title>\n<meta name=\"description\" content=\"Greenoffice. Sortier afvalbakken. Recycling beh\u00e4ltern. Bedrijfsafvalbak. Burelen afvalbak. Sortierbeh\u00e4ltern. Beheer van bedrijfsafval.\" \/>\n<meta name=\"robots\" content=\"index, follow, max-snippet:-1, max-image-preview:large, max-video-preview:-1\" \/>\n<link rel=\"canonical\" href=\"https:\/\/green-office.com\/nl\/gamma\/\" \/>\n<meta property=\"og:locale\" content=\"nl_NL\" \/>\n<meta property=\"og:type\" content=\"article\" \/>\n<meta property=\"og:title\" content=\"Gamma - Greenoffice Recycling beh\u00e4ltern, BE MORE GREEN\" \/>\n<meta property=\"og:description\" content=\"Greenoffice. Sortier afvalbakken. Recycling beh\u00e4ltern. Bedrijfsafvalbak. Burelen afvalbak. Sortierbeh\u00e4ltern. Beheer van bedrijfsafval.\" \/>\n<meta property=\"og:url\" content=\"https:\/\/green-office.com\/nl\/gamma\/\" \/>\n<meta property=\"og:site_name\" content=\"Greenoffice\" \/>\n<meta property=\"article:modified_time\" content=\"2022-01-06T11:15:38+00:00\" \/>\n<meta property=\"og:image\" content=\"https:\/\/green-office.com\/wp-content\/uploads\/2021\/06\/greenoffice-borne-tri-recycle-poubelle.jpg\" \/>\n\t<meta property=\"og:image:width\" content=\"1200\" \/>\n\t<meta property=\"og:image:height\" content=\"628\" \/>\n\t<meta property=\"og:image:type\" content=\"image\/jpeg\" \/>\n<meta name=\"twitter:card\" content=\"summary_large_image\" \/>\n<script type=\"application\/ld+json\" class=\"yoast-schema-graph\">{\"@context\":\"https:\/\/schema.org\",\"@graph\":[{\"@type\":\"WebPage\",\"@id\":\"https:\/\/green-office.com\/nl\/gamma\/\",\"url\":\"https:\/\/green-office.com\/nl\/gamma\/\",\"name\":\"Gamma - Greenoffice Recycling beh\u00e4ltern, BE MORE GREEN\",\"isPartOf\":{\"@id\":\"https:\/\/green-office.com\/nl\/#website\"},\"datePublished\":\"2021-05-26T09:41:51+00:00\",\"dateModified\":\"2022-01-06T11:15:38+00:00\",\"description\":\"Greenoffice. Sortier afvalbakken. Recycling beh\u00e4ltern. Bedrijfsafvalbak. Burelen afvalbak. Sortierbeh\u00e4ltern. Beheer van bedrijfsafval.\",\"breadcrumb\":{\"@id\":\"https:\/\/green-office.com\/nl\/gamma\/#breadcrumb\"},\"inLanguage\":\"nl-NL\",\"potentialAction\":[{\"@type\":\"ReadAction\",\"target\":[\"https:\/\/green-office.com\/nl\/gamma\/\"]}]},{\"@type\":\"BreadcrumbList\",\"@id\":\"https:\/\/green-office.com\/nl\/gamma\/#breadcrumb\",\"itemListElement\":[{\"@type\":\"ListItem\",\"position\":1,\"name\":\"Greenoffice\",\"item\":\"https:\/\/green-office.com\/nl\/\"},{\"@type\":\"ListItem\",\"position\":2,\"name\":\"Gamma\"}]},{\"@type\":\"WebSite\",\"@id\":\"https:\/\/green-office.com\/nl\/#website\",\"url\":\"https:\/\/green-office.com\/nl\/\",\"name\":\"Greenoffice\",\"description\":\"BE MORE GREEN\",\"publisher\":{\"@id\":\"https:\/\/green-office.com\/nl\/#organization\"},\"potentialAction\":[{\"@type\":\"SearchAction\",\"target\":{\"@type\":\"EntryPoint\",\"urlTemplate\":\"https:\/\/green-office.com\/nl\/?s={search_term_string}\"},\"query-input\":{\"@type\":\"PropertyValueSpecification\",\"valueRequired\":true,\"valueName\":\"search_term_string\"}}],\"inLanguage\":\"nl-NL\"},{\"@type\":\"Organization\",\"@id\":\"https:\/\/green-office.com\/nl\/#organization\",\"name\":\"Green Office\",\"url\":\"https:\/\/green-office.com\/nl\/\",\"logo\":{\"@type\":\"ImageObject\",\"inLanguage\":\"nl-NL\",\"@id\":\"https:\/\/green-office.com\/nl\/#\/schema\/logo\/image\/\",\"url\":\"https:\/\/green-office.com\/wp-content\/uploads\/2023\/12\/Logo-GO-noir-jaune.svg\",\"contentUrl\":\"https:\/\/green-office.com\/wp-content\/uploads\/2023\/12\/Logo-GO-noir-jaune.svg\",\"width\":337,\"height\":375,\"caption\":\"Green Office\"},\"image\":{\"@id\":\"https:\/\/green-office.com\/nl\/#\/schema\/logo\/image\/\"},\"sameAs\":[\"https:\/\/www.linkedin.com\/company\/greenoffice-international\/\"]}]}<\/script>\n<!-- \/ Yoast SEO plugin. -->","yoast_head_json":{"title":"Gamma - Greenoffice Recycling beh\u00e4ltern, BE MORE GREEN","description":"Greenoffice. Sortier afvalbakken. Recycling beh\u00e4ltern. Bedrijfsafvalbak. Burelen afvalbak. Sortierbeh\u00e4ltern. Beheer van bedrijfsafval.","robots":{"index":"index","follow":"follow","max-snippet":"max-snippet:-1","max-image-preview":"max-image-preview:large","max-video-preview":"max-video-preview:-1"},"canonical":"https:\/\/green-office.com\/nl\/gamma\/","og_locale":"nl_NL","og_type":"article","og_title":"Gamma - Greenoffice Recycling beh\u00e4ltern, BE MORE GREEN","og_description":"Greenoffice. Sortier afvalbakken. Recycling beh\u00e4ltern. Bedrijfsafvalbak. Burelen afvalbak. Sortierbeh\u00e4ltern. Beheer van bedrijfsafval.","og_url":"https:\/\/green-office.com\/nl\/gamma\/","og_site_name":"Greenoffice","article_modified_time":"2022-01-06T11:15:38+00:00","og_image":[{"width":1200,"height":628,"url":"https:\/\/green-office.com\/wp-content\/uploads\/2021\/06\/greenoffice-borne-tri-recycle-poubelle.jpg","type":"image\/jpeg"}],"twitter_card":"summary_large_image","schema":{"@context":"https:\/\/schema.org","@graph":[{"@type":"WebPage","@id":"https:\/\/green-office.com\/nl\/gamma\/","url":"https:\/\/green-office.com\/nl\/gamma\/","name":"Gamma - Greenoffice Recycling beh\u00e4ltern, BE MORE GREEN","isPartOf":{"@id":"https:\/\/green-office.com\/nl\/#website"},"datePublished":"2021-05-26T09:41:51+00:00","dateModified":"2022-01-06T11:15:38+00:00","description":"Greenoffice. Sortier afvalbakken. Recycling beh\u00e4ltern. Bedrijfsafvalbak. Burelen afvalbak. Sortierbeh\u00e4ltern. Beheer van bedrijfsafval.","breadcrumb":{"@id":"https:\/\/green-office.com\/nl\/gamma\/#breadcrumb"},"inLanguage":"nl-NL","potentialAction":[{"@type":"ReadAction","target":["https:\/\/green-office.com\/nl\/gamma\/"]}]},{"@type":"BreadcrumbList","@id":"https:\/\/green-office.com\/nl\/gamma\/#breadcrumb","itemListElement":[{"@type":"ListItem","position":1,"name":"Greenoffice","item":"https:\/\/green-office.com\/nl\/"},{"@type":"ListItem","position":2,"name":"Gamma"}]},{"@type":"WebSite","@id":"https:\/\/green-office.com\/nl\/#website","url":"https:\/\/green-office.com\/nl\/","name":"Greenoffice","description":"BE MORE GREEN","publisher":{"@id":"https:\/\/green-office.com\/nl\/#organization"},"potentialAction":[{"@type":"SearchAction","target":{"@type":"EntryPoint","urlTemplate":"https:\/\/green-office.com\/nl\/?s={search_term_string}"},"query-input":{"@type":"PropertyValueSpecification","valueRequired":true,"valueName":"search_term_string"}}],"inLanguage":"nl-NL"},{"@type":"Organization","@id":"https:\/\/green-office.com\/nl\/#organization","name":"Green Office","url":"https:\/\/green-office.com\/nl\/","logo":{"@type":"ImageObject","inLanguage":"nl-NL","@id":"https:\/\/green-office.com\/nl\/#\/schema\/logo\/image\/","url":"https:\/\/green-office.com\/wp-content\/uploads\/2023\/12\/Logo-GO-noir-jaune.svg","contentUrl":"https:\/\/green-office.com\/wp-content\/uploads\/2023\/12\/Logo-GO-noir-jaune.svg","width":337,"height":375,"caption":"Green Office"},"image":{"@id":"https:\/\/green-office.com\/nl\/#\/schema\/logo\/image\/"},"sameAs":["https:\/\/www.linkedin.com\/company\/greenoffice-international\/"]}]}},"_links":{"self":[{"href":"https:\/\/green-office.com\/nl\/wp-json\/wp\/v2\/pages\/1347"}],"collection":[{"href":"https:\/\/green-office.com\/nl\/wp-json\/wp\/v2\/pages"}],"about":[{"href":"https:\/\/green-office.com\/nl\/wp-json\/wp\/v2\/types\/page"}],"author":[{"embeddable":true,"href":"https:\/\/green-office.com\/nl\/wp-json\/wp\/v2\/users\/14"}],"replies":[{"embeddable":true,"href":"https:\/\/green-office.com\/nl\/wp-json\/wp\/v2\/comments?post=1347"}],"version-history":[{"count":0,"href":"https:\/\/green-office.com\/nl\/wp-json\/wp\/v2\/pages\/1347\/revisions"}],"wp:attachment":[{"href":"https:\/\/green-office.com\/nl\/wp-json\/wp\/v2\/media?parent=1347"}],"curies":[{"name":"wp","href":"https:\/\/api.w.org\/{rel}","templated":true}]}}